{"id":1327,"date":"2024-03-01T16:15:53","date_gmt":"2024-03-01T15:15:53","guid":{"rendered":"https:\/\/daf.demo.supertusch.com\/?page_id=1327"},"modified":"2024-03-05T14:56:30","modified_gmt":"2024-03-05T13:56:30","slug":"saadan-anmelder-du-en-skade","status":"publish","type":"page","link":"https:\/\/www.artisten.dk\/en\/medlemskab-fordele\/instrumentforsikring\/saadan-anmelder-du-en-skade\/","title":{"rendered":"S\u00e5dan anmelder du en skade"},"content":{"rendered":"<p>Hvis uheldet er ude og du f\u00e5r brug forsikringen, skal du anmelde skaden direkte til Dansk Artist Forbund.<\/p>\n<p>Den udfyldte skadesanmeldelse skal du sende p\u00e5 mail til koordinator Susanne Lyngaa p\u00e5 sl@artisten.dk. Hun kan ogs\u00e5 svare p\u00e5 eventuelle sp\u00f8rgsm\u00e5l.<\/p>\n<p><strong>S\u00e5dan g\u00f8r du<\/strong><\/p>\n<p>1. Download anmeldelsen \u2013\u00a0<a href=\"https:\/\/www.artisten.dk\/wp-content\/uploads\/2024\/03\/Skadesanmeldelse_Instrumentforsikring.docx\" target=\"_blank\" rel=\"noopener\">Hent skadesanmeldelse<\/a><\/p>\n<p>2. \u00c5bn dokumentet i Akrobat Reader<\/p>\n<p>3. Brug fanebladet\u00a0\u2018Underskriv\u2019 til at udfylde felterne<\/p>\n<p>4. Gem den\u00a0udfyldte anmeldelse og indsend til\u00a0<a href=\"mailto:sl@artisten.dk\" target=\"_blank\" rel=\"noopener\">Dansk Artist Forbunds forsikringskoordinator<\/a><\/p>","protected":false},"excerpt":{"rendered":"<p>Hvis uheldet er ude og du f\u00e5r brug forsikringen, skal du anmelde skaden direkte til Dansk Artist Forbund. Den udfyldte skadesanmeldelse skal du sende p\u00e5 mail til koordinator Susanne Lyngaa p\u00e5 sl@artisten.dk. Hun kan ogs\u00e5 svare p\u00e5 eventuelle sp\u00f8rgsm\u00e5l. S\u00e5dan g\u00f8r du 1. Download anmeldelsen &#8211;\u00a0Hent skadesanmeldelse 2. \u00c5bn dokumentet i Akrobat Reader 3. Brug [&hellip;]<\/p>\n","protected":false},"author":4,"featured_media":0,"parent":1273,"menu_order":0,"comment_status":"closed","ping_status":"closed","template":"","meta":{"_acf_changed":false,"footnotes":""},"class_list":["post-1327","page","type-page","status-publish","hentry"],"acf":[],"yoast_head":"<!-- This site is optimized with the Yoast SEO plugin v27.1.1 - https:\/\/yoast.com\/product\/yoast-seo-wordpress\/ -->\n<title>S\u00e5dan anmelder du en skade - Dansk Artist Forbund<\/title>\n<meta name=\"robots\" content=\"index, follow, max-snippet:-1, max-image-preview:large, max-video-preview:-1\" \/>\n<link rel=\"canonical\" href=\"https:\/\/www.artisten.dk\/en\/membership-benefits\/instrumentforsikring\/saadan-anmelder-du-en-skade\/\" \/>\n<meta property=\"og:locale\" content=\"en_GB\" \/>\n<meta property=\"og:type\" content=\"article\" \/>\n<meta property=\"og:title\" content=\"S\u00e5dan anmelder du en skade - Dansk Artist Forbund\" \/>\n<meta property=\"og:description\" content=\"Hvis uheldet er ude og du f\u00e5r brug forsikringen, skal du anmelde skaden direkte til Dansk Artist Forbund. Den udfyldte skadesanmeldelse skal du sende p\u00e5 mail til koordinator Susanne Lyngaa p\u00e5 sl@artisten.dk. Hun kan ogs\u00e5 svare p\u00e5 eventuelle sp\u00f8rgsm\u00e5l. S\u00e5dan g\u00f8r du 1. Download anmeldelsen &#8211;\u00a0Hent skadesanmeldelse 2. \u00c5bn dokumentet i Akrobat Reader 3. Brug [&hellip;]\" \/>\n<meta property=\"og:url\" content=\"https:\/\/www.artisten.dk\/en\/membership-benefits\/instrumentforsikring\/saadan-anmelder-du-en-skade\/\" \/>\n<meta property=\"og:site_name\" content=\"Dansk Artist Forbund\" \/>\n<meta property=\"article:modified_time\" content=\"2024-03-05T13:56:30+00:00\" \/>\n<meta name=\"twitter:card\" content=\"summary_large_image\" \/>\n<meta name=\"twitter:label1\" content=\"Estimated reading time\" \/>\n\t<meta name=\"twitter:data1\" content=\"1 minute\" \/>\n<script type=\"application\/ld+json\" class=\"yoast-schema-graph\">{\"@context\":\"https:\/\/schema.org\",\"@graph\":[{\"@type\":\"WebPage\",\"@id\":\"https:\/\/www.artisten.dk\/medlemskab-fordele\/instrumentforsikring\/saadan-anmelder-du-en-skade\/\",\"url\":\"https:\/\/www.artisten.dk\/medlemskab-fordele\/instrumentforsikring\/saadan-anmelder-du-en-skade\/\",\"name\":\"S\u00e5dan anmelder du en skade - Dansk Artist Forbund\",\"isPartOf\":{\"@id\":\"https:\/\/www.artisten.dk\/#website\"},\"datePublished\":\"2024-03-01T15:15:53+00:00\",\"dateModified\":\"2024-03-05T13:56:30+00:00\",\"breadcrumb\":{\"@id\":\"https:\/\/www.artisten.dk\/medlemskab-fordele\/instrumentforsikring\/saadan-anmelder-du-en-skade\/#breadcrumb\"},\"inLanguage\":\"en-GB\",\"potentialAction\":[{\"@type\":\"ReadAction\",\"target\":[\"https:\/\/www.artisten.dk\/medlemskab-fordele\/instrumentforsikring\/saadan-anmelder-du-en-skade\/\"]}]},{\"@type\":\"BreadcrumbList\",\"@id\":\"https:\/\/www.artisten.dk\/medlemskab-fordele\/instrumentforsikring\/saadan-anmelder-du-en-skade\/#breadcrumb\",\"itemListElement\":[{\"@type\":\"ListItem\",\"position\":1,\"name\":\"Medlemskab &#038; fordele\",\"item\":\"https:\/\/www.artisten.dk\/medlemskab-fordele\/\"},{\"@type\":\"ListItem\",\"position\":2,\"name\":\"Instrumentforsikring\",\"item\":\"https:\/\/www.artisten.dk\/medlemskab-fordele\/instrumentforsikring\/\"},{\"@type\":\"ListItem\",\"position\":3,\"name\":\"S\u00e5dan anmelder du en skade\"}]},{\"@type\":\"WebSite\",\"@id\":\"https:\/\/www.artisten.dk\/#website\",\"url\":\"https:\/\/www.artisten.dk\/\",\"name\":\"Dansk Artist Forbund\",\"description\":\"\",\"publisher\":{\"@id\":\"https:\/\/www.artisten.dk\/#organization\"},\"potentialAction\":[{\"@type\":\"SearchAction\",\"target\":{\"@type\":\"EntryPoint\",\"urlTemplate\":\"https:\/\/www.artisten.dk\/?s={search_term_string}\"},\"query-input\":{\"@type\":\"PropertyValueSpecification\",\"valueRequired\":true,\"valueName\":\"search_term_string\"}}],\"inLanguage\":\"en-GB\"},{\"@type\":\"Organization\",\"@id\":\"https:\/\/www.artisten.dk\/#organization\",\"name\":\"Dansk Artist Forbund\",\"url\":\"https:\/\/www.artisten.dk\/\",\"logo\":{\"@type\":\"ImageObject\",\"inLanguage\":\"en-GB\",\"@id\":\"https:\/\/www.artisten.dk\/#\/schema\/logo\/image\/\",\"url\":\"https:\/\/daf.demo.supertusch.com\/wp-content\/uploads\/2023\/10\/NAVNETRAEK_FOOTER.jpg\",\"contentUrl\":\"https:\/\/daf.demo.supertusch.com\/wp-content\/uploads\/2023\/10\/NAVNETRAEK_FOOTER.jpg\",\"width\":148,\"height\":100,\"caption\":\"Dansk Artist Forbund\"},\"image\":{\"@id\":\"https:\/\/www.artisten.dk\/#\/schema\/logo\/image\/\"}}]}<\/script>\n<!-- \/ Yoast SEO plugin. -->","yoast_head_json":{"title":"S\u00e5dan anmelder du en skade - Dansk Artist Forbund","robots":{"index":"index","follow":"follow","max-snippet":"max-snippet:-1","max-image-preview":"max-image-preview:large","max-video-preview":"max-video-preview:-1"},"canonical":"https:\/\/www.artisten.dk\/en\/membership-benefits\/instrumentforsikring\/saadan-anmelder-du-en-skade\/","og_locale":"en_GB","og_type":"article","og_title":"S\u00e5dan anmelder du en skade - Dansk Artist Forbund","og_description":"Hvis uheldet er ude og du f\u00e5r brug forsikringen, skal du anmelde skaden direkte til Dansk Artist Forbund. Den udfyldte skadesanmeldelse skal du sende p\u00e5 mail til koordinator Susanne Lyngaa p\u00e5 sl@artisten.dk. Hun kan ogs\u00e5 svare p\u00e5 eventuelle sp\u00f8rgsm\u00e5l. S\u00e5dan g\u00f8r du 1. Download anmeldelsen &#8211;\u00a0Hent skadesanmeldelse 2. \u00c5bn dokumentet i Akrobat Reader 3. Brug [&hellip;]","og_url":"https:\/\/www.artisten.dk\/en\/membership-benefits\/instrumentforsikring\/saadan-anmelder-du-en-skade\/","og_site_name":"Dansk Artist Forbund","article_modified_time":"2024-03-05T13:56:30+00:00","twitter_card":"summary_large_image","twitter_misc":{"Estimated reading time":"1 minute"},"schema":{"@context":"https:\/\/schema.org","@graph":[{"@type":"WebPage","@id":"https:\/\/www.artisten.dk\/medlemskab-fordele\/instrumentforsikring\/saadan-anmelder-du-en-skade\/","url":"https:\/\/www.artisten.dk\/medlemskab-fordele\/instrumentforsikring\/saadan-anmelder-du-en-skade\/","name":"S\u00e5dan anmelder du en skade - Dansk Artist Forbund","isPartOf":{"@id":"https:\/\/www.artisten.dk\/#website"},"datePublished":"2024-03-01T15:15:53+00:00","dateModified":"2024-03-05T13:56:30+00:00","breadcrumb":{"@id":"https:\/\/www.artisten.dk\/medlemskab-fordele\/instrumentforsikring\/saadan-anmelder-du-en-skade\/#breadcrumb"},"inLanguage":"en-GB","potentialAction":[{"@type":"ReadAction","target":["https:\/\/www.artisten.dk\/medlemskab-fordele\/instrumentforsikring\/saadan-anmelder-du-en-skade\/"]}]},{"@type":"BreadcrumbList","@id":"https:\/\/www.artisten.dk\/medlemskab-fordele\/instrumentforsikring\/saadan-anmelder-du-en-skade\/#breadcrumb","itemListElement":[{"@type":"ListItem","position":1,"name":"Medlemskab &#038; fordele","item":"https:\/\/www.artisten.dk\/medlemskab-fordele\/"},{"@type":"ListItem","position":2,"name":"Instrumentforsikring","item":"https:\/\/www.artisten.dk\/medlemskab-fordele\/instrumentforsikring\/"},{"@type":"ListItem","position":3,"name":"S\u00e5dan anmelder du en skade"}]},{"@type":"WebSite","@id":"https:\/\/www.artisten.dk\/#website","url":"https:\/\/www.artisten.dk\/","name":"Danish Artist Association","description":"","publisher":{"@id":"https:\/\/www.artisten.dk\/#organization"},"potentialAction":[{"@type":"SearchAction","target":{"@type":"EntryPoint","urlTemplate":"https:\/\/www.artisten.dk\/?s={search_term_string}"},"query-input":{"@type":"PropertyValueSpecification","valueRequired":true,"valueName":"search_term_string"}}],"inLanguage":"en-GB"},{"@type":"Organization","@id":"https:\/\/www.artisten.dk\/#organization","name":"Danish Artist Association","url":"https:\/\/www.artisten.dk\/","logo":{"@type":"ImageObject","inLanguage":"en-GB","@id":"https:\/\/www.artisten.dk\/#\/schema\/logo\/image\/","url":"https:\/\/daf.demo.supertusch.com\/wp-content\/uploads\/2023\/10\/NAVNETRAEK_FOOTER.jpg","contentUrl":"https:\/\/daf.demo.supertusch.com\/wp-content\/uploads\/2023\/10\/NAVNETRAEK_FOOTER.jpg","width":148,"height":100,"caption":"Dansk Artist Forbund"},"image":{"@id":"https:\/\/www.artisten.dk\/#\/schema\/logo\/image\/"}}]}},"_links":{"self":[{"href":"https:\/\/www.artisten.dk\/en\/wp-json\/wp\/v2\/pages\/1327","targetHints":{"allow":["GET"]}}],"collection":[{"href":"https:\/\/www.artisten.dk\/en\/wp-json\/wp\/v2\/pages"}],"about":[{"href":"https:\/\/www.artisten.dk\/en\/wp-json\/wp\/v2\/types\/page"}],"author":[{"embeddable":true,"href":"https:\/\/www.artisten.dk\/en\/wp-json\/wp\/v2\/users\/4"}],"replies":[{"embeddable":true,"href":"https:\/\/www.artisten.dk\/en\/wp-json\/wp\/v2\/comments?post=1327"}],"version-history":[{"count":3,"href":"https:\/\/www.artisten.dk\/en\/wp-json\/wp\/v2\/pages\/1327\/revisions"}],"predecessor-version":[{"id":1728,"href":"https:\/\/www.artisten.dk\/en\/wp-json\/wp\/v2\/pages\/1327\/revisions\/1728"}],"up":[{"embeddable":true,"href":"https:\/\/www.artisten.dk\/en\/wp-json\/wp\/v2\/pages\/1273"}],"wp:attachment":[{"href":"https:\/\/www.artisten.dk\/en\/wp-json\/wp\/v2\/media?parent=1327"}],"curies":[{"name":"wp","href":"https:\/\/api.w.org\/{rel}","templated":true}]}}