{"id":1377,"date":"2024-03-03T14:04:02","date_gmt":"2024-03-03T13:04:02","guid":{"rendered":"https:\/\/daf.demo.supertusch.com\/?page_id=1377"},"modified":"2025-10-13T10:53:38","modified_gmt":"2025-10-13T08:53:38","slug":"free-insurance-policies","status":"publish","type":"page","link":"https:\/\/www.artisten.dk\/en\/medlemskab-fordele\/gratis-forsikringer\/","title":{"rendered":"Special member insurances"},"content":{"rendered":"<div>\n<p><strong>Som medlem er du gratis omfattet af 3 forsikringer<\/strong><\/p>\n<p>Disse tre kollektive forsikringer d\u00e6kker aktive medlemmer, der betaler via kontingent.<\/p>\n<p><strong>Accident insurance<\/strong> \u2013 omfatter pludselige, udefrakommende uheld der rammer kroppen. D\u00e6kker behandlinger og varige m\u00e9n samt udgifter ved tandskade<\/p>\n<p><strong>Critical illness insurance<\/strong>\u00a0\u2013 tilbyder erstatning i form af en engangsbetaling, hvis du rammes af en kritisk sygdom.<\/p>\n<p><strong>Group life insurance<\/strong> \u2013 giver udbetaling til dine p\u00e5r\u00f8rende ved d\u00f8dsfald<\/p>\n<h1><strong>K\u00f8b professionelle tilvalgsforsikringer<\/strong><\/h1>\n<p>&nbsp;<\/p>\n<p>Som medlem af Dansk Artist Forbund kan du og k\u00f8be forsikringer forsikringer med rabat.<\/p>\n<p><strong>Instrument og udstyrsforsikring<\/strong> - <a href=\"https:\/\/www.artisten.dk\/en\/membership-benefits\/instrumentforsikring\/\">instrumenter, udstyr og rekvisitter er d\u00e6kket hele d\u00f8gnet<\/a>.<\/p>\n<p><strong>S\u00e6rlige forsikringer<\/strong> \u2013 f.eks. aflysning-, arbejdsgiver eller erhvervsrejseforsikring.<\/p>\n<p><strong>F\u00e5 rabat p\u00e5 dine private forsikringer<\/strong> \u2013 spar penge p\u00e5 bil-, rejse- og indboforsikring.<\/p>\n<\/div>","protected":false},"excerpt":{"rendered":"<p>Som medlem er du gratis omfattet af 3 forsikringer Disse tre kollektive forsikringer d\u00e6kker aktive medlemmer, der betaler via kontingent. Ulykkesforsikring &#8211; omfatter pludselige, udefrakommende uheld der rammer kroppen. D\u00e6kker behandlinger og varige m\u00e9n samt udgifter ved tandskade Kritisk sygdomsforsikring\u00a0&#8211; tilbyder erstatning i form af en engangsbetaling, hvis du rammes af en kritisk sygdom. Gruppelivsforsikring [&hellip;]<\/p>\n","protected":false},"author":4,"featured_media":0,"parent":188,"menu_order":0,"comment_status":"closed","ping_status":"closed","template":"page-normal.php","meta":{"_acf_changed":false,"footnotes":""},"class_list":["post-1377","page","type-page","status-publish","hentry"],"acf":[],"yoast_head":"<!-- This site is optimized with the Yoast SEO plugin v27.1.1 - https:\/\/yoast.com\/product\/yoast-seo-wordpress\/ -->\n<title>S\u00e6rlige medlemsforsikringer - Dansk Artist Forbund<\/title>\n<meta name=\"description\" content=\"Overblik forsikringer\" \/>\n<meta name=\"robots\" content=\"index, follow, max-snippet:-1, max-image-preview:large, max-video-preview:-1\" \/>\n<link rel=\"canonical\" href=\"https:\/\/www.artisten.dk\/en\/membership-benefits\/free-insurance-policies\/\" \/>\n<meta property=\"og:locale\" content=\"en_GB\" \/>\n<meta property=\"og:type\" content=\"article\" \/>\n<meta property=\"og:title\" content=\"S\u00e6rlige medlemsforsikringer - Dansk Artist Forbund\" \/>\n<meta property=\"og:description\" content=\"Overblik forsikringer\" \/>\n<meta property=\"og:url\" content=\"https:\/\/www.artisten.dk\/en\/membership-benefits\/free-insurance-policies\/\" \/>\n<meta property=\"og:site_name\" content=\"Dansk Artist Forbund\" \/>\n<meta property=\"article:modified_time\" content=\"2025-10-13T08:53:38+00:00\" \/>\n<meta name=\"twitter:card\" content=\"summary_large_image\" \/>\n<meta name=\"twitter:label1\" content=\"Estimated reading time\" \/>\n\t<meta name=\"twitter:data1\" content=\"2 minutes\" \/>\n<script type=\"application\/ld+json\" class=\"yoast-schema-graph\">{\"@context\":\"https:\/\/schema.org\",\"@graph\":[{\"@type\":\"WebPage\",\"@id\":\"https:\/\/www.artisten.dk\/medlemskab-fordele\/gratis-forsikringer\/\",\"url\":\"https:\/\/www.artisten.dk\/medlemskab-fordele\/gratis-forsikringer\/\",\"name\":\"S\u00e6rlige medlemsforsikringer - Dansk Artist Forbund\",\"isPartOf\":{\"@id\":\"https:\/\/www.artisten.dk\/#website\"},\"datePublished\":\"2024-03-03T13:04:02+00:00\",\"dateModified\":\"2025-10-13T08:53:38+00:00\",\"description\":\"Overblik forsikringer\",\"breadcrumb\":{\"@id\":\"https:\/\/www.artisten.dk\/medlemskab-fordele\/gratis-forsikringer\/#breadcrumb\"},\"inLanguage\":\"en-GB\",\"potentialAction\":[{\"@type\":\"ReadAction\",\"target\":[\"https:\/\/www.artisten.dk\/medlemskab-fordele\/gratis-forsikringer\/\"]}]},{\"@type\":\"BreadcrumbList\",\"@id\":\"https:\/\/www.artisten.dk\/medlemskab-fordele\/gratis-forsikringer\/#breadcrumb\",\"itemListElement\":[{\"@type\":\"ListItem\",\"position\":1,\"name\":\"Medlemskab &#038; fordele\",\"item\":\"https:\/\/www.artisten.dk\/medlemskab-fordele\/\"},{\"@type\":\"ListItem\",\"position\":2,\"name\":\"S\u00e6rlige medlemsforsikringer\"}]},{\"@type\":\"WebSite\",\"@id\":\"https:\/\/www.artisten.dk\/#website\",\"url\":\"https:\/\/www.artisten.dk\/\",\"name\":\"Dansk Artist Forbund\",\"description\":\"\",\"publisher\":{\"@id\":\"https:\/\/www.artisten.dk\/#organization\"},\"potentialAction\":[{\"@type\":\"SearchAction\",\"target\":{\"@type\":\"EntryPoint\",\"urlTemplate\":\"https:\/\/www.artisten.dk\/?s={search_term_string}\"},\"query-input\":{\"@type\":\"PropertyValueSpecification\",\"valueRequired\":true,\"valueName\":\"search_term_string\"}}],\"inLanguage\":\"en-GB\"},{\"@type\":\"Organization\",\"@id\":\"https:\/\/www.artisten.dk\/#organization\",\"name\":\"Dansk Artist Forbund\",\"url\":\"https:\/\/www.artisten.dk\/\",\"logo\":{\"@type\":\"ImageObject\",\"inLanguage\":\"en-GB\",\"@id\":\"https:\/\/www.artisten.dk\/#\/schema\/logo\/image\/\",\"url\":\"https:\/\/daf.demo.supertusch.com\/wp-content\/uploads\/2023\/10\/NAVNETRAEK_FOOTER.jpg\",\"contentUrl\":\"https:\/\/daf.demo.supertusch.com\/wp-content\/uploads\/2023\/10\/NAVNETRAEK_FOOTER.jpg\",\"width\":148,\"height\":100,\"caption\":\"Dansk Artist Forbund\"},\"image\":{\"@id\":\"https:\/\/www.artisten.dk\/#\/schema\/logo\/image\/\"}}]}<\/script>\n<!-- \/ Yoast SEO plugin. -->","yoast_head_json":{"title":"Special member insurances - Dansk Artist Forbund","description":"Insurance at a glance","robots":{"index":"index","follow":"follow","max-snippet":"max-snippet:-1","max-image-preview":"max-image-preview:large","max-video-preview":"max-video-preview:-1"},"canonical":"https:\/\/www.artisten.dk\/en\/membership-benefits\/free-insurance-policies\/","og_locale":"en_GB","og_type":"article","og_title":"S\u00e6rlige medlemsforsikringer - Dansk Artist Forbund","og_description":"Overblik forsikringer","og_url":"https:\/\/www.artisten.dk\/en\/membership-benefits\/free-insurance-policies\/","og_site_name":"Dansk Artist Forbund","article_modified_time":"2025-10-13T08:53:38+00:00","twitter_card":"summary_large_image","twitter_misc":{"Estimated reading time":"2 minutes"},"schema":{"@context":"https:\/\/schema.org","@graph":[{"@type":"WebPage","@id":"https:\/\/www.artisten.dk\/medlemskab-fordele\/gratis-forsikringer\/","url":"https:\/\/www.artisten.dk\/medlemskab-fordele\/gratis-forsikringer\/","name":"Special member insurances - Dansk Artist Forbund","isPartOf":{"@id":"https:\/\/www.artisten.dk\/#website"},"datePublished":"2024-03-03T13:04:02+00:00","dateModified":"2025-10-13T08:53:38+00:00","description":"Insurance at a glance","breadcrumb":{"@id":"https:\/\/www.artisten.dk\/medlemskab-fordele\/gratis-forsikringer\/#breadcrumb"},"inLanguage":"en-GB","potentialAction":[{"@type":"ReadAction","target":["https:\/\/www.artisten.dk\/medlemskab-fordele\/gratis-forsikringer\/"]}]},{"@type":"BreadcrumbList","@id":"https:\/\/www.artisten.dk\/medlemskab-fordele\/gratis-forsikringer\/#breadcrumb","itemListElement":[{"@type":"ListItem","position":1,"name":"Medlemskab &#038; fordele","item":"https:\/\/www.artisten.dk\/medlemskab-fordele\/"},{"@type":"ListItem","position":2,"name":"S\u00e6rlige medlemsforsikringer"}]},{"@type":"WebSite","@id":"https:\/\/www.artisten.dk\/#website","url":"https:\/\/www.artisten.dk\/","name":"Danish Artist Association","description":"","publisher":{"@id":"https:\/\/www.artisten.dk\/#organization"},"potentialAction":[{"@type":"SearchAction","target":{"@type":"EntryPoint","urlTemplate":"https:\/\/www.artisten.dk\/?s={search_term_string}"},"query-input":{"@type":"PropertyValueSpecification","valueRequired":true,"valueName":"search_term_string"}}],"inLanguage":"en-GB"},{"@type":"Organization","@id":"https:\/\/www.artisten.dk\/#organization","name":"Danish Artist Association","url":"https:\/\/www.artisten.dk\/","logo":{"@type":"ImageObject","inLanguage":"en-GB","@id":"https:\/\/www.artisten.dk\/#\/schema\/logo\/image\/","url":"https:\/\/daf.demo.supertusch.com\/wp-content\/uploads\/2023\/10\/NAVNETRAEK_FOOTER.jpg","contentUrl":"https:\/\/daf.demo.supertusch.com\/wp-content\/uploads\/2023\/10\/NAVNETRAEK_FOOTER.jpg","width":148,"height":100,"caption":"Dansk Artist Forbund"},"image":{"@id":"https:\/\/www.artisten.dk\/#\/schema\/logo\/image\/"}}]}},"_links":{"self":[{"href":"https:\/\/www.artisten.dk\/en\/wp-json\/wp\/v2\/pages\/1377","targetHints":{"allow":["GET"]}}],"collection":[{"href":"https:\/\/www.artisten.dk\/en\/wp-json\/wp\/v2\/pages"}],"about":[{"href":"https:\/\/www.artisten.dk\/en\/wp-json\/wp\/v2\/types\/page"}],"author":[{"embeddable":true,"href":"https:\/\/www.artisten.dk\/en\/wp-json\/wp\/v2\/users\/4"}],"replies":[{"embeddable":true,"href":"https:\/\/www.artisten.dk\/en\/wp-json\/wp\/v2\/comments?post=1377"}],"version-history":[{"count":7,"href":"https:\/\/www.artisten.dk\/en\/wp-json\/wp\/v2\/pages\/1377\/revisions"}],"predecessor-version":[{"id":8243,"href":"https:\/\/www.artisten.dk\/en\/wp-json\/wp\/v2\/pages\/1377\/revisions\/8243"}],"up":[{"embeddable":true,"href":"https:\/\/www.artisten.dk\/en\/wp-json\/wp\/v2\/pages\/188"}],"wp:attachment":[{"href":"https:\/\/www.artisten.dk\/en\/wp-json\/wp\/v2\/media?parent=1377"}],"curies":[{"name":"wp","href":"https:\/\/api.w.org\/{rel}","templated":true}]}}