{"id":2262,"date":"2024-03-25T11:38:06","date_gmt":"2024-03-25T10:38:06","guid":{"rendered":"https:\/\/www.artisten.dk\/?page_id=2262"},"modified":"2026-02-13T12:10:21","modified_gmt":"2026-02-13T11:10:21","slug":"ulykkesforsikring-2","status":"publish","type":"page","link":"https:\/\/www.artisten.dk\/en\/medlemskab-fordele\/ulykkesforsikring-2\/","title":{"rendered":"Accident insurance"},"content":{"rendered":"<div><\/div>\n<div><\/div>\n<div>Ulykkesforsikringen handler om de fysiske skader man kan f\u00e5 p\u00e5 kroppen eller t\u00e6nderne, efter en ulykke.<\/div>\n<div><\/div>\n<div>\n<p>En ulykke er en pludselig og udefrakommende h\u00e6ndelse, som f.eks. at man falder over en ledning p\u00e5 scenen eller v\u00e6lter p\u00e5 cyklen.<\/p>\n<\/div>\n<div>Forsikringen\u00a0 d\u00e6kker dig som person og g\u00e6lder hele d\u00f8gnet \u2013 b\u00e5de mens du arbejder og fritiden.<\/div>\n<div><\/div>\n<div>Forsikringen omfatter tandskader, varige men og l\u00e6geordineret behandling hos fysioterapeut og\/eller behandlinger ved kiropraktor, autoriseret akupunkt\u00f8r og\/eller zoneterapeut.<\/div>\n<div><\/div>\n<div><\/div>\n<div><\/div>\n<div>Ulykkesforsikringen d\u00e6kker<\/div>\n<div><\/div>\n<div>\u2022 udgifter til l\u00e6geordineret fysioterapeut, kiropraktor, akupunkt\u00f8r eller zoneterapeut \u2013\u00a0 i op til 12. m\u00e5neder efter ulykken<\/div>\n<div>\u2022 behandling af tandskade<\/div>\n<div>\u2022 erstatning ved varige m\u00e9n p\u00e5 op til kr. 250.000<\/div>\n<div>\u2022 d\u00e6kker ulykker og tandskader fra 1. januar 2024<\/div>\n<div><\/div>\n<div>Ulykkesforsikringen D\u00e6kker alle medlemmer indtil g\u00e6ldende pensionsalder<\/div>\n<div><\/div>\n<div><\/div>\n<div>Kontakt Dansk Artist Forbund og f\u00e5 policenummer og link til anmeldelse.<\/div>\n<div>F\u00e5 tilsendt policenummer og link til anmeldelse<\/div>\n<div><\/div>\n<div><\/div>\n<div><\/div>\n<div><\/div>\n<div><\/div>\n<div>Skal du anmelde en skade der er sket f\u00f8r 31. december 2023<\/div>\n<div>LINK til underside<\/div>\n<div><\/div>\n<div>Kontakt forbundet med forsikringssp\u00f8rgsm\u00e5l<\/div>\n<div><\/div>\n<div>Skadesanmeldelser eller sp\u00f8rgsm\u00e5l sendes til<\/div>\n<div>forsikringskoordinator Dorthe Vincentzen \u2013 tlf. 33 32 66 77 eller dv@artisten.dk<\/div>\n<div><\/div>\n<div><\/div>\n<div><\/div>\n<div><\/div>\n<div>Underside 1<\/div>\n<div>Ulykker og tandskaber, der er sket inden 31. december 2023<\/div>\n<div><\/div>\n<div>Forsikringsbetingelser \u2013 medlemmer af\u00a0 Dansk Artist Forbund er omfattet af \u00a712, \u00a715, \u00a717 samt \u00a719-24.<\/div>\n<div>Dansk Artist Forbund videresender skadesanmeldelser og andre henvendelser, p\u00e5 medlemmernes vegne.<\/div>\n<div><\/div>\n<div><\/div>\n<div><\/div>\n<div>D\u00e6kker ulykker og tandskader fra 1. januar 2024<\/div>","protected":false},"excerpt":{"rendered":"<p>Ulykkesforsikringen handler om de fysiske skader man kan f\u00e5 p\u00e5 kroppen eller t\u00e6nderne, efter en ulykke. En ulykke er en pludselig og udefrakommende h\u00e6ndelse, som f.eks. at man falder over en ledning p\u00e5 scenen eller v\u00e6lter p\u00e5 cyklen. Forsikringen\u00a0 d\u00e6kker dig som person og g\u00e6lder hele d\u00f8gnet &#8211; b\u00e5de mens du arbejder og fritiden. Forsikringen [&hellip;]<\/p>\n","protected":false},"author":4,"featured_media":0,"parent":188,"menu_order":0,"comment_status":"closed","ping_status":"closed","template":"page-normal.php","meta":{"_acf_changed":false,"footnotes":""},"class_list":["post-2262","page","type-page","status-publish","hentry"],"acf":[],"yoast_head":"<!-- This site is optimized with the Yoast SEO plugin v27.1.1 - https:\/\/yoast.com\/product\/yoast-seo-wordpress\/ -->\n<title>Ulykkesforsikring - Dansk Artist Forbund<\/title>\n<meta name=\"robots\" content=\"index, follow, max-snippet:-1, max-image-preview:large, max-video-preview:-1\" \/>\n<link rel=\"canonical\" href=\"https:\/\/www.artisten.dk\/en\/membership-benefits\/ulykkesforsikring-2\/\" \/>\n<meta property=\"og:locale\" content=\"en_GB\" \/>\n<meta property=\"og:type\" content=\"article\" \/>\n<meta property=\"og:title\" content=\"Ulykkesforsikring - Dansk Artist Forbund\" \/>\n<meta property=\"og:description\" content=\"Ulykkesforsikringen handler om de fysiske skader man kan f\u00e5 p\u00e5 kroppen eller t\u00e6nderne, efter en ulykke. En ulykke er en pludselig og udefrakommende h\u00e6ndelse, som f.eks. at man falder over en ledning p\u00e5 scenen eller v\u00e6lter p\u00e5 cyklen. Forsikringen\u00a0 d\u00e6kker dig som person og g\u00e6lder hele d\u00f8gnet &#8211; b\u00e5de mens du arbejder og fritiden. Forsikringen [&hellip;]\" \/>\n<meta property=\"og:url\" content=\"https:\/\/www.artisten.dk\/en\/membership-benefits\/ulykkesforsikring-2\/\" \/>\n<meta property=\"og:site_name\" content=\"Dansk Artist Forbund\" \/>\n<meta property=\"article:modified_time\" content=\"2026-02-13T11:10:21+00:00\" \/>\n<meta name=\"twitter:card\" content=\"summary_large_image\" \/>\n<meta name=\"twitter:label1\" content=\"Estimated reading time\" \/>\n\t<meta name=\"twitter:data1\" content=\"2 minutes\" \/>\n<script type=\"application\/ld+json\" class=\"yoast-schema-graph\">{\"@context\":\"https:\/\/schema.org\",\"@graph\":[{\"@type\":\"WebPage\",\"@id\":\"https:\/\/www.artisten.dk\/medlemskab-fordele\/ulykkesforsikring-2\/\",\"url\":\"https:\/\/www.artisten.dk\/medlemskab-fordele\/ulykkesforsikring-2\/\",\"name\":\"Ulykkesforsikring - Dansk Artist Forbund\",\"isPartOf\":{\"@id\":\"https:\/\/www.artisten.dk\/#website\"},\"datePublished\":\"2024-03-25T10:38:06+00:00\",\"dateModified\":\"2026-02-13T11:10:21+00:00\",\"breadcrumb\":{\"@id\":\"https:\/\/www.artisten.dk\/medlemskab-fordele\/ulykkesforsikring-2\/#breadcrumb\"},\"inLanguage\":\"en-GB\",\"potentialAction\":[{\"@type\":\"ReadAction\",\"target\":[\"https:\/\/www.artisten.dk\/medlemskab-fordele\/ulykkesforsikring-2\/\"]}]},{\"@type\":\"BreadcrumbList\",\"@id\":\"https:\/\/www.artisten.dk\/medlemskab-fordele\/ulykkesforsikring-2\/#breadcrumb\",\"itemListElement\":[{\"@type\":\"ListItem\",\"position\":1,\"name\":\"Medlemskab &#038; fordele\",\"item\":\"https:\/\/www.artisten.dk\/medlemskab-fordele\/\"},{\"@type\":\"ListItem\",\"position\":2,\"name\":\"Ulykkesforsikring\"}]},{\"@type\":\"WebSite\",\"@id\":\"https:\/\/www.artisten.dk\/#website\",\"url\":\"https:\/\/www.artisten.dk\/\",\"name\":\"Dansk Artist Forbund\",\"description\":\"\",\"publisher\":{\"@id\":\"https:\/\/www.artisten.dk\/#organization\"},\"potentialAction\":[{\"@type\":\"SearchAction\",\"target\":{\"@type\":\"EntryPoint\",\"urlTemplate\":\"https:\/\/www.artisten.dk\/?s={search_term_string}\"},\"query-input\":{\"@type\":\"PropertyValueSpecification\",\"valueRequired\":true,\"valueName\":\"search_term_string\"}}],\"inLanguage\":\"en-GB\"},{\"@type\":\"Organization\",\"@id\":\"https:\/\/www.artisten.dk\/#organization\",\"name\":\"Dansk Artist Forbund\",\"url\":\"https:\/\/www.artisten.dk\/\",\"logo\":{\"@type\":\"ImageObject\",\"inLanguage\":\"en-GB\",\"@id\":\"https:\/\/www.artisten.dk\/#\/schema\/logo\/image\/\",\"url\":\"https:\/\/daf.demo.supertusch.com\/wp-content\/uploads\/2023\/10\/NAVNETRAEK_FOOTER.jpg\",\"contentUrl\":\"https:\/\/daf.demo.supertusch.com\/wp-content\/uploads\/2023\/10\/NAVNETRAEK_FOOTER.jpg\",\"width\":148,\"height\":100,\"caption\":\"Dansk Artist Forbund\"},\"image\":{\"@id\":\"https:\/\/www.artisten.dk\/#\/schema\/logo\/image\/\"}}]}<\/script>\n<!-- \/ Yoast SEO plugin. -->","yoast_head_json":{"title":"Ulykkesforsikring - Dansk Artist Forbund","robots":{"index":"index","follow":"follow","max-snippet":"max-snippet:-1","max-image-preview":"max-image-preview:large","max-video-preview":"max-video-preview:-1"},"canonical":"https:\/\/www.artisten.dk\/en\/membership-benefits\/ulykkesforsikring-2\/","og_locale":"en_GB","og_type":"article","og_title":"Ulykkesforsikring - Dansk Artist Forbund","og_description":"Ulykkesforsikringen handler om de fysiske skader man kan f\u00e5 p\u00e5 kroppen eller t\u00e6nderne, efter en ulykke. En ulykke er en pludselig og udefrakommende h\u00e6ndelse, som f.eks. at man falder over en ledning p\u00e5 scenen eller v\u00e6lter p\u00e5 cyklen. Forsikringen\u00a0 d\u00e6kker dig som person og g\u00e6lder hele d\u00f8gnet &#8211; b\u00e5de mens du arbejder og fritiden. Forsikringen [&hellip;]","og_url":"https:\/\/www.artisten.dk\/en\/membership-benefits\/ulykkesforsikring-2\/","og_site_name":"Dansk Artist Forbund","article_modified_time":"2026-02-13T11:10:21+00:00","twitter_card":"summary_large_image","twitter_misc":{"Estimated reading time":"2 minutes"},"schema":{"@context":"https:\/\/schema.org","@graph":[{"@type":"WebPage","@id":"https:\/\/www.artisten.dk\/medlemskab-fordele\/ulykkesforsikring-2\/","url":"https:\/\/www.artisten.dk\/medlemskab-fordele\/ulykkesforsikring-2\/","name":"Ulykkesforsikring - Dansk Artist Forbund","isPartOf":{"@id":"https:\/\/www.artisten.dk\/#website"},"datePublished":"2024-03-25T10:38:06+00:00","dateModified":"2026-02-13T11:10:21+00:00","breadcrumb":{"@id":"https:\/\/www.artisten.dk\/medlemskab-fordele\/ulykkesforsikring-2\/#breadcrumb"},"inLanguage":"en-GB","potentialAction":[{"@type":"ReadAction","target":["https:\/\/www.artisten.dk\/medlemskab-fordele\/ulykkesforsikring-2\/"]}]},{"@type":"BreadcrumbList","@id":"https:\/\/www.artisten.dk\/medlemskab-fordele\/ulykkesforsikring-2\/#breadcrumb","itemListElement":[{"@type":"ListItem","position":1,"name":"Medlemskab &#038; fordele","item":"https:\/\/www.artisten.dk\/medlemskab-fordele\/"},{"@type":"ListItem","position":2,"name":"Ulykkesforsikring"}]},{"@type":"WebSite","@id":"https:\/\/www.artisten.dk\/#website","url":"https:\/\/www.artisten.dk\/","name":"Danish Artist Association","description":"","publisher":{"@id":"https:\/\/www.artisten.dk\/#organization"},"potentialAction":[{"@type":"SearchAction","target":{"@type":"EntryPoint","urlTemplate":"https:\/\/www.artisten.dk\/?s={search_term_string}"},"query-input":{"@type":"PropertyValueSpecification","valueRequired":true,"valueName":"search_term_string"}}],"inLanguage":"en-GB"},{"@type":"Organization","@id":"https:\/\/www.artisten.dk\/#organization","name":"Danish Artist Association","url":"https:\/\/www.artisten.dk\/","logo":{"@type":"ImageObject","inLanguage":"en-GB","@id":"https:\/\/www.artisten.dk\/#\/schema\/logo\/image\/","url":"https:\/\/daf.demo.supertusch.com\/wp-content\/uploads\/2023\/10\/NAVNETRAEK_FOOTER.jpg","contentUrl":"https:\/\/daf.demo.supertusch.com\/wp-content\/uploads\/2023\/10\/NAVNETRAEK_FOOTER.jpg","width":148,"height":100,"caption":"Dansk Artist Forbund"},"image":{"@id":"https:\/\/www.artisten.dk\/#\/schema\/logo\/image\/"}}]}},"_links":{"self":[{"href":"https:\/\/www.artisten.dk\/en\/wp-json\/wp\/v2\/pages\/2262","targetHints":{"allow":["GET"]}}],"collection":[{"href":"https:\/\/www.artisten.dk\/en\/wp-json\/wp\/v2\/pages"}],"about":[{"href":"https:\/\/www.artisten.dk\/en\/wp-json\/wp\/v2\/types\/page"}],"author":[{"embeddable":true,"href":"https:\/\/www.artisten.dk\/en\/wp-json\/wp\/v2\/users\/4"}],"replies":[{"embeddable":true,"href":"https:\/\/www.artisten.dk\/en\/wp-json\/wp\/v2\/comments?post=2262"}],"version-history":[{"count":4,"href":"https:\/\/www.artisten.dk\/en\/wp-json\/wp\/v2\/pages\/2262\/revisions"}],"predecessor-version":[{"id":9350,"href":"https:\/\/www.artisten.dk\/en\/wp-json\/wp\/v2\/pages\/2262\/revisions\/9350"}],"up":[{"embeddable":true,"href":"https:\/\/www.artisten.dk\/en\/wp-json\/wp\/v2\/pages\/188"}],"wp:attachment":[{"href":"https:\/\/www.artisten.dk\/en\/wp-json\/wp\/v2\/media?parent=2262"}],"curies":[{"name":"wp","href":"https:\/\/api.w.org\/{rel}","templated":true}]}}