{"id":3,"date":"2023-10-13T07:32:50","date_gmt":"2023-10-13T07:32:50","guid":{"rendered":"https:\/\/daf.demo.supertusch.com\/?page_id=3"},"modified":"2023-10-17T09:24:01","modified_gmt":"2023-10-17T07:24:01","slug":"cookie-policy","status":"publish","type":"page","link":"https:\/\/www.artisten.dk\/en\/cookiepolitik\/","title":{"rendered":"Cookiepolitik"},"content":{"rendered":"<p>Websitet artisten.dk udbydes af:<\/p>\n<p>Danish Artist Association<br \/>\nDronningensgade 68<br \/>\n1420 K\u00f8benhavn K<br \/>\nTelefon 33 32 66 77<br \/>\nartisten@artisten.dk<\/p>\n<p>Dette website anvender cookies for at bidrage til at give dig den bedste oplevelse, vi kan. Cookies er sm\u00e5 tekstfiler, der placeres p\u00e5 din computer eller mobiltelefon, n\u00e5r du bes\u00f8ger websites. Der er ingen personlige oplysninger gemt i vores cookies og de kan ikke indeholde virus.<\/p>\n<p><strong>Vi anvender cookies til f\u00f8lgende form\u00e5l<\/strong><\/p>\n<ul>\n<li>Forbedre din brugeroplevelse og f\u00e5 avancerede funktioner til at virke<\/li>\n<li>Forbedre hastigheden\/sikkerheden for webstedet<\/li>\n<li>Tillade dig at dele sider med sociale netv\u00e6rk som Facebook o.a.<\/li>\n<li>L\u00f8bende forbedre vores hjemmeside til fordel for dig<\/li>\n<li>Teknisk funktionalitet, s\u00e5 vi kan huske dine pr\u00e6ferencer<\/li>\n<li>Trafikm\u00e5ling, s\u00e5 vi ved hvor mange, der bes\u00f8ger vores site<\/li>\n<\/ul>\n<p><strong>Vi anvender ikke cookies til<\/strong><\/p>\n<ul>\n<li>At indsamle personligt identificerbare oplysninger (uden din udtrykkelige tilladelse)<\/li>\n<li>At samle f\u00f8lsomme oplysninger (uden din udtrykkelige tilladelse)<\/li>\n<li>At videregive personligt identificerbare data til tredjepart<\/li>\n<\/ul>\n<p><strong>S\u00e5 lang tid opbevares cookies<\/strong><br \/>\nCookies udl\u00f8ber af sig selv, typisk efter 12-24 m\u00e5neder, men de fornyes efter hvert bes\u00f8g p\u00e5 vores website.<\/p>\n<p><strong>S\u00e5dan sletter du cookies<\/strong><br \/>\nSe vejledning her: <a href=\"http:\/\/www.minecookies.org\/cookiehandtering\" target=\"_blank\" rel=\"noopener\">http:\/\/www.minecookies.org\/cookiehandtering<\/a><br \/>\nS\u00e5dan undg\u00e5r du cookies<br \/>\nHvis du ikke \u00f8nsker at modtage cookies kan du blokere dem.<\/p>\n<p>Se vejledning her: <a href=\"http:\/\/www.minecookies.org\/cookiehandtering\" target=\"_blank\" rel=\"noopener\">http:\/\/www.minecookies.org\/cookiehandtering<\/a><\/p>\n<p><strong>Tredjeparts cookies<\/strong><br \/>\nVores website omfatter funktionalitet der leveres af tredjepart. Et almindeligt eksempel er en indbygget Vimeo video. Vores website indeholder en eller flere af f\u00f8lgende, som anvender cookies:<\/p>\n<ul>\n<li>Google \/ Google Analytics<\/li>\n<li>Facebook<\/li>\n<li>Addthis<\/li>\n<li>Vimeo<\/li>\n<\/ul>","protected":false},"excerpt":{"rendered":"<p>Websitet artisten.dk udbydes af: Dansk Artist Forbund Dronningensgade 68 1420 K\u00f8benhavn K Telefon 33 32 66 77 artisten@artisten.dk Dette website anvender cookies for at bidrage til at give dig den bedste oplevelse, vi kan. Cookies er sm\u00e5 tekstfiler, der placeres p\u00e5 din computer eller mobiltelefon, n\u00e5r du bes\u00f8ger websites. Der er ingen personlige oplysninger gemt [&hellip;]<\/p>\n","protected":false},"author":1,"featured_media":0,"parent":0,"menu_order":0,"comment_status":"closed","ping_status":"open","template":"","meta":{"_acf_changed":false,"footnotes":""},"class_list":["post-3","page","type-page","status-publish","hentry"],"acf":[],"yoast_head":"<!-- This site is optimized with the Yoast SEO plugin v27.1.1 - https:\/\/yoast.com\/product\/yoast-seo-wordpress\/ -->\n<title>Cookiepolitik - Dansk Artist Forbund<\/title>\n<meta name=\"robots\" content=\"index, follow, max-snippet:-1, max-image-preview:large, max-video-preview:-1\" \/>\n<link rel=\"canonical\" href=\"https:\/\/www.artisten.dk\/en\/cookie-policy\/\" \/>\n<meta property=\"og:locale\" content=\"en_GB\" \/>\n<meta property=\"og:type\" content=\"article\" \/>\n<meta property=\"og:title\" content=\"Cookiepolitik - Dansk Artist Forbund\" \/>\n<meta property=\"og:description\" content=\"Websitet artisten.dk udbydes af: Dansk Artist Forbund Dronningensgade 68 1420 K\u00f8benhavn K Telefon 33 32 66 77 artisten@artisten.dk Dette website anvender cookies for at bidrage til at give dig den bedste oplevelse, vi kan. Cookies er sm\u00e5 tekstfiler, der placeres p\u00e5 din computer eller mobiltelefon, n\u00e5r du bes\u00f8ger websites. Der er ingen personlige oplysninger gemt [&hellip;]\" \/>\n<meta property=\"og:url\" content=\"https:\/\/www.artisten.dk\/en\/cookie-policy\/\" \/>\n<meta property=\"og:site_name\" content=\"Dansk Artist Forbund\" \/>\n<meta property=\"article:modified_time\" content=\"2023-10-17T07:24:01+00:00\" \/>\n<meta name=\"twitter:card\" content=\"summary_large_image\" \/>\n<meta name=\"twitter:label1\" content=\"Estimated reading time\" \/>\n\t<meta name=\"twitter:data1\" content=\"1 minute\" \/>\n<script type=\"application\/ld+json\" class=\"yoast-schema-graph\">{\"@context\":\"https:\/\/schema.org\",\"@graph\":[{\"@type\":\"WebPage\",\"@id\":\"https:\/\/www.artisten.dk\/cookiepolitik\/\",\"url\":\"https:\/\/www.artisten.dk\/cookiepolitik\/\",\"name\":\"Cookiepolitik - Dansk Artist Forbund\",\"isPartOf\":{\"@id\":\"https:\/\/www.artisten.dk\/#website\"},\"datePublished\":\"2023-10-13T07:32:50+00:00\",\"dateModified\":\"2023-10-17T07:24:01+00:00\",\"inLanguage\":\"en-GB\",\"potentialAction\":[{\"@type\":\"ReadAction\",\"target\":[\"https:\/\/www.artisten.dk\/cookiepolitik\/\"]}]},{\"@type\":\"WebSite\",\"@id\":\"https:\/\/www.artisten.dk\/#website\",\"url\":\"https:\/\/www.artisten.dk\/\",\"name\":\"Dansk Artist Forbund\",\"description\":\"\",\"publisher\":{\"@id\":\"https:\/\/www.artisten.dk\/#organization\"},\"potentialAction\":[{\"@type\":\"SearchAction\",\"target\":{\"@type\":\"EntryPoint\",\"urlTemplate\":\"https:\/\/www.artisten.dk\/?s={search_term_string}\"},\"query-input\":{\"@type\":\"PropertyValueSpecification\",\"valueRequired\":true,\"valueName\":\"search_term_string\"}}],\"inLanguage\":\"en-GB\"},{\"@type\":\"Organization\",\"@id\":\"https:\/\/www.artisten.dk\/#organization\",\"name\":\"Dansk Artist Forbund\",\"url\":\"https:\/\/www.artisten.dk\/\",\"logo\":{\"@type\":\"ImageObject\",\"inLanguage\":\"en-GB\",\"@id\":\"https:\/\/www.artisten.dk\/#\/schema\/logo\/image\/\",\"url\":\"https:\/\/daf.demo.supertusch.com\/wp-content\/uploads\/2023\/10\/NAVNETRAEK_FOOTER.jpg\",\"contentUrl\":\"https:\/\/daf.demo.supertusch.com\/wp-content\/uploads\/2023\/10\/NAVNETRAEK_FOOTER.jpg\",\"width\":148,\"height\":100,\"caption\":\"Dansk Artist Forbund\"},\"image\":{\"@id\":\"https:\/\/www.artisten.dk\/#\/schema\/logo\/image\/\"}}]}<\/script>\n<!-- \/ Yoast SEO plugin. -->","yoast_head_json":{"title":"Cookie policy - Dansk Artist Forbund","robots":{"index":"index","follow":"follow","max-snippet":"max-snippet:-1","max-image-preview":"max-image-preview:large","max-video-preview":"max-video-preview:-1"},"canonical":"https:\/\/www.artisten.dk\/en\/cookie-policy\/","og_locale":"en_GB","og_type":"article","og_title":"Cookiepolitik - Dansk Artist Forbund","og_description":"Websitet artisten.dk udbydes af: Dansk Artist Forbund Dronningensgade 68 1420 K\u00f8benhavn K Telefon 33 32 66 77 artisten@artisten.dk Dette website anvender cookies for at bidrage til at give dig den bedste oplevelse, vi kan. Cookies er sm\u00e5 tekstfiler, der placeres p\u00e5 din computer eller mobiltelefon, n\u00e5r du bes\u00f8ger websites. Der er ingen personlige oplysninger gemt [&hellip;]","og_url":"https:\/\/www.artisten.dk\/en\/cookie-policy\/","og_site_name":"Dansk Artist Forbund","article_modified_time":"2023-10-17T07:24:01+00:00","twitter_card":"summary_large_image","twitter_misc":{"Estimated reading time":"1 minute"},"schema":{"@context":"https:\/\/schema.org","@graph":[{"@type":"WebPage","@id":"https:\/\/www.artisten.dk\/cookiepolitik\/","url":"https:\/\/www.artisten.dk\/cookiepolitik\/","name":"Cookie policy - Dansk Artist Forbund","isPartOf":{"@id":"https:\/\/www.artisten.dk\/#website"},"datePublished":"2023-10-13T07:32:50+00:00","dateModified":"2023-10-17T07:24:01+00:00","inLanguage":"en-GB","potentialAction":[{"@type":"ReadAction","target":["https:\/\/www.artisten.dk\/cookiepolitik\/"]}]},{"@type":"WebSite","@id":"https:\/\/www.artisten.dk\/#website","url":"https:\/\/www.artisten.dk\/","name":"Danish Artist Association","description":"","publisher":{"@id":"https:\/\/www.artisten.dk\/#organization"},"potentialAction":[{"@type":"SearchAction","target":{"@type":"EntryPoint","urlTemplate":"https:\/\/www.artisten.dk\/?s={search_term_string}"},"query-input":{"@type":"PropertyValueSpecification","valueRequired":true,"valueName":"search_term_string"}}],"inLanguage":"en-GB"},{"@type":"Organization","@id":"https:\/\/www.artisten.dk\/#organization","name":"Danish Artist Association","url":"https:\/\/www.artisten.dk\/","logo":{"@type":"ImageObject","inLanguage":"en-GB","@id":"https:\/\/www.artisten.dk\/#\/schema\/logo\/image\/","url":"https:\/\/daf.demo.supertusch.com\/wp-content\/uploads\/2023\/10\/NAVNETRAEK_FOOTER.jpg","contentUrl":"https:\/\/daf.demo.supertusch.com\/wp-content\/uploads\/2023\/10\/NAVNETRAEK_FOOTER.jpg","width":148,"height":100,"caption":"Dansk Artist Forbund"},"image":{"@id":"https:\/\/www.artisten.dk\/#\/schema\/logo\/image\/"}}]}},"_links":{"self":[{"href":"https:\/\/www.artisten.dk\/en\/wp-json\/wp\/v2\/pages\/3","targetHints":{"allow":["GET"]}}],"collection":[{"href":"https:\/\/www.artisten.dk\/en\/wp-json\/wp\/v2\/pages"}],"about":[{"href":"https:\/\/www.artisten.dk\/en\/wp-json\/wp\/v2\/types\/page"}],"author":[{"embeddable":true,"href":"https:\/\/www.artisten.dk\/en\/wp-json\/wp\/v2\/users\/1"}],"replies":[{"embeddable":true,"href":"https:\/\/www.artisten.dk\/en\/wp-json\/wp\/v2\/comments?post=3"}],"version-history":[{"count":3,"href":"https:\/\/www.artisten.dk\/en\/wp-json\/wp\/v2\/pages\/3\/revisions"}],"predecessor-version":[{"id":122,"href":"https:\/\/www.artisten.dk\/en\/wp-json\/wp\/v2\/pages\/3\/revisions\/122"}],"wp:attachment":[{"href":"https:\/\/www.artisten.dk\/en\/wp-json\/wp\/v2\/media?parent=3"}],"curies":[{"name":"wp","href":"https:\/\/api.w.org\/{rel}","templated":true}]}}