{"id":4485,"date":"2024-09-30T11:12:02","date_gmt":"2024-09-30T09:12:02","guid":{"rendered":"https:\/\/www.artisten.dk\/?page_id=4485"},"modified":"2025-10-15T11:49:12","modified_gmt":"2025-10-15T09:49:12","slug":"rettighedsmidler","status":"publish","type":"page","link":"https:\/\/www.artisten.dk\/en\/soeg-tilskud\/rettighedsmidler\/","title":{"rendered":"Entitlement funds"},"content":{"rendered":"<p>Dansk Artist Forbund fordeler ophavsretlige vederlag musikud\u00f8vere og cirkusartister \u2013 penge der er opkr\u00e6vet af Copydan og Gramex.<\/p>\n<p>The rights funds are redistributed in two ways - either in the form of an individual rights payment for the use of content, or as a grant based on a project application.<\/p>\n<p>The principles behind the distribution policy must be approved by the union's members and documented in an annual <a href=\"https:\/\/www.artisten.dk\/en\/rettighedsmidler\/rights-funds-and-member-democracy\/\">transparency report<\/a>.<\/p>\n<p><strong>Collective Gramex and CulturePlus funds<\/strong><\/p>\n<p>Distribution of the collective funds from Gramex and KulturPlus via the Danish Artist Association aims to ensure diversity and retain and develop talent. The funds are distributed via application.<\/p>\n<p>Projects must relate to the work of artists and musicians and can have artistic, career development, cultural or educational purposes.<\/p>\n<p>The rights funds from Gramex and KulturPlus are earned by performers in connection with radio and TV playback via Gramex, and for compensation when selling blank media via KulturPlus (Copydan).<\/p>\n<p><strong>Who processes the applications<\/strong><\/p>\n<p>The applications for the individual pool are processed by the relevant allocation committee, which reads, listens and processes the submitted material. The committee typically sits for 2 years at a time and consists of two board members and one member representative.<\/p>\n<p>The current committee consists of Marianne Lewandowski, Markus Artved and Camille Jones.<\/p>\n<p>See more about <a href=\"https:\/\/www.artisten.dk\/en\/soeg-subsidy\/applying-for-and-awarding-grants-for-projects\/\">Processing of applications<\/a>\u00a0to the collective rights funds administered by Dansk Artist Forbund<\/p>\n<p><strong>Individual Copydan fees<br \/>\n<\/strong><br \/>\nCompensation is mainly distributed individually to soloists, singers and circus artists as payment for content retransmitted on TV, used for educational purposes or archival use.<\/p>\n<p>The compensation is usually paid at the end of September and is calculated using registration data collected in collaboration with, among others, Performex.<\/p>\n<p>For information about the basis for the remuneration paid, specification of the composition of the remuneration and deductions for administrative costs etc. contact Jens Skov Thomsen at Dansk Artist Forbund.<\/p>\n<p>The collective part of the rights funds from Copydan is distributed to applications via the pools managed by Dansk Artist Forbund.<\/p>\n<p>The rights funds from Copydan are collected via the organisations Verdens-tv, AVU-Medier and Copydan Arkiv. Read more about the organisations' collections at <a href=\"http:\/\/www.copydan.dk\/\">Copydan.dk<\/a><\/p>\n<p>&nbsp;<\/p>\n<p><strong>Rettighedsvederlag for tv-medvirken<br \/>\n<\/strong><strong><br \/>\n<\/strong>Together with the Danish Musicians' Union and the other performer organisations, the Danish Artist Association runs the management company Performex.<\/p>\n<p>The union is also represented in Filmex, and both companies are responsible for the direct payment of remuneration to artists, musicians and performers for TV appearances.<\/p>\n<p>Forbundet indsamler l\u00f8bende kontrakter fra ud\u00f8vende kunstnere og s\u00f8rger for at de registreres i den rette enhed.<\/p>\n<p>Performex \u2013 <a href=\"https:\/\/www.artisten.dk\/en\/info\/om-daf\/rettighedsmidler\/performex-udbetaler-til-musikud%c3%b8vere\/\">udbetaler til musikud\u00f8vere<\/a><\/p>\n<p>Filmex \u2013\u00a0<a href=\"https:\/\/www.artisten.dk\/en\/info\/om-daf\/rettighedsmidler\/filmex-udbetaler-til-skuespillere\/\">udbetaler til skuespillere<\/a><\/p>","protected":false},"excerpt":{"rendered":"<p>Dansk Artist Forbund fordeler ophavsretlige vederlag musikud\u00f8vere og cirkusartister \u2013 penge der er opkr\u00e6vet af Copydan og Gramex. Rettighedsmidlerne bliver viderefordelt p\u00e5 to m\u00e5der \u2013 enten i form af en individuel rettighedsudbetaling for brug af indhold, eller som tilskud p\u00e5 baggrund af en projektans\u00f8gning. Principperne bag fordelingspolitikken skal godkendes af forbundets medlemmer, og dokumenteres i [&hellip;]<\/p>\n","protected":false},"author":4,"featured_media":0,"parent":476,"menu_order":0,"comment_status":"closed","ping_status":"closed","template":"","meta":{"_acf_changed":false,"footnotes":""},"class_list":["post-4485","page","type-page","status-publish","hentry"],"acf":[],"yoast_head":"<!-- This site is optimized with the Yoast SEO plugin v27.1.1 - https:\/\/yoast.com\/product\/yoast-seo-wordpress\/ -->\n<title>Rettighedsmidler - Dansk Artist Forbund<\/title>\n<meta name=\"robots\" content=\"index, follow, max-snippet:-1, max-image-preview:large, max-video-preview:-1\" \/>\n<link rel=\"canonical\" href=\"https:\/\/www.artisten.dk\/en\/soeg-subsidy\/rettighedsmidler\/\" \/>\n<meta property=\"og:locale\" content=\"en_GB\" \/>\n<meta property=\"og:type\" content=\"article\" \/>\n<meta property=\"og:title\" content=\"Rettighedsmidler - Dansk Artist Forbund\" \/>\n<meta property=\"og:description\" content=\"Dansk Artist Forbund fordeler ophavsretlige vederlag musikud\u00f8vere og cirkusartister \u2013 penge der er opkr\u00e6vet af Copydan og Gramex. Rettighedsmidlerne bliver viderefordelt p\u00e5 to m\u00e5der \u2013 enten i form af en individuel rettighedsudbetaling for brug af indhold, eller som tilskud p\u00e5 baggrund af en projektans\u00f8gning. Principperne bag fordelingspolitikken skal godkendes af forbundets medlemmer, og dokumenteres i [&hellip;]\" \/>\n<meta property=\"og:url\" content=\"https:\/\/www.artisten.dk\/en\/soeg-subsidy\/rettighedsmidler\/\" \/>\n<meta property=\"og:site_name\" content=\"Dansk Artist Forbund\" \/>\n<meta property=\"article:modified_time\" content=\"2025-10-15T09:49:12+00:00\" \/>\n<meta name=\"twitter:card\" content=\"summary_large_image\" \/>\n<meta name=\"twitter:label1\" content=\"Estimated reading time\" \/>\n\t<meta name=\"twitter:data1\" content=\"2 minutes\" \/>\n<script type=\"application\/ld+json\" class=\"yoast-schema-graph\">{\"@context\":\"https:\/\/schema.org\",\"@graph\":[{\"@type\":\"WebPage\",\"@id\":\"https:\/\/www.artisten.dk\/soeg-tilskud\/rettighedsmidler\/\",\"url\":\"https:\/\/www.artisten.dk\/soeg-tilskud\/rettighedsmidler\/\",\"name\":\"Rettighedsmidler - Dansk Artist Forbund\",\"isPartOf\":{\"@id\":\"https:\/\/www.artisten.dk\/#website\"},\"datePublished\":\"2024-09-30T09:12:02+00:00\",\"dateModified\":\"2025-10-15T09:49:12+00:00\",\"breadcrumb\":{\"@id\":\"https:\/\/www.artisten.dk\/soeg-tilskud\/rettighedsmidler\/#breadcrumb\"},\"inLanguage\":\"en-GB\",\"potentialAction\":[{\"@type\":\"ReadAction\",\"target\":[\"https:\/\/www.artisten.dk\/soeg-tilskud\/rettighedsmidler\/\"]}]},{\"@type\":\"BreadcrumbList\",\"@id\":\"https:\/\/www.artisten.dk\/soeg-tilskud\/rettighedsmidler\/#breadcrumb\",\"itemListElement\":[{\"@type\":\"ListItem\",\"position\":1,\"name\":\"S\u00f8g tilskud\",\"item\":\"https:\/\/www.artisten.dk\/soeg-tilskud\/\"},{\"@type\":\"ListItem\",\"position\":2,\"name\":\"Rettighedsmidler\"}]},{\"@type\":\"WebSite\",\"@id\":\"https:\/\/www.artisten.dk\/#website\",\"url\":\"https:\/\/www.artisten.dk\/\",\"name\":\"Dansk Artist Forbund\",\"description\":\"\",\"publisher\":{\"@id\":\"https:\/\/www.artisten.dk\/#organization\"},\"potentialAction\":[{\"@type\":\"SearchAction\",\"target\":{\"@type\":\"EntryPoint\",\"urlTemplate\":\"https:\/\/www.artisten.dk\/?s={search_term_string}\"},\"query-input\":{\"@type\":\"PropertyValueSpecification\",\"valueRequired\":true,\"valueName\":\"search_term_string\"}}],\"inLanguage\":\"en-GB\"},{\"@type\":\"Organization\",\"@id\":\"https:\/\/www.artisten.dk\/#organization\",\"name\":\"Dansk Artist Forbund\",\"url\":\"https:\/\/www.artisten.dk\/\",\"logo\":{\"@type\":\"ImageObject\",\"inLanguage\":\"en-GB\",\"@id\":\"https:\/\/www.artisten.dk\/#\/schema\/logo\/image\/\",\"url\":\"https:\/\/daf.demo.supertusch.com\/wp-content\/uploads\/2023\/10\/NAVNETRAEK_FOOTER.jpg\",\"contentUrl\":\"https:\/\/daf.demo.supertusch.com\/wp-content\/uploads\/2023\/10\/NAVNETRAEK_FOOTER.jpg\",\"width\":148,\"height\":100,\"caption\":\"Dansk Artist Forbund\"},\"image\":{\"@id\":\"https:\/\/www.artisten.dk\/#\/schema\/logo\/image\/\"}}]}<\/script>\n<!-- \/ Yoast SEO plugin. -->","yoast_head_json":{"title":"Rettighedsmidler - Dansk Artist Forbund","robots":{"index":"index","follow":"follow","max-snippet":"max-snippet:-1","max-image-preview":"max-image-preview:large","max-video-preview":"max-video-preview:-1"},"canonical":"https:\/\/www.artisten.dk\/en\/soeg-subsidy\/rettighedsmidler\/","og_locale":"en_GB","og_type":"article","og_title":"Rettighedsmidler - Dansk Artist Forbund","og_description":"Dansk Artist Forbund fordeler ophavsretlige vederlag musikud\u00f8vere og cirkusartister \u2013 penge der er opkr\u00e6vet af Copydan og Gramex. Rettighedsmidlerne bliver viderefordelt p\u00e5 to m\u00e5der \u2013 enten i form af en individuel rettighedsudbetaling for brug af indhold, eller som tilskud p\u00e5 baggrund af en projektans\u00f8gning. Principperne bag fordelingspolitikken skal godkendes af forbundets medlemmer, og dokumenteres i [&hellip;]","og_url":"https:\/\/www.artisten.dk\/en\/soeg-subsidy\/rettighedsmidler\/","og_site_name":"Dansk Artist Forbund","article_modified_time":"2025-10-15T09:49:12+00:00","twitter_card":"summary_large_image","twitter_misc":{"Estimated reading time":"2 minutes"},"schema":{"@context":"https:\/\/schema.org","@graph":[{"@type":"WebPage","@id":"https:\/\/www.artisten.dk\/soeg-tilskud\/rettighedsmidler\/","url":"https:\/\/www.artisten.dk\/soeg-tilskud\/rettighedsmidler\/","name":"Rettighedsmidler - Dansk Artist Forbund","isPartOf":{"@id":"https:\/\/www.artisten.dk\/#website"},"datePublished":"2024-09-30T09:12:02+00:00","dateModified":"2025-10-15T09:49:12+00:00","breadcrumb":{"@id":"https:\/\/www.artisten.dk\/soeg-tilskud\/rettighedsmidler\/#breadcrumb"},"inLanguage":"en-GB","potentialAction":[{"@type":"ReadAction","target":["https:\/\/www.artisten.dk\/soeg-tilskud\/rettighedsmidler\/"]}]},{"@type":"BreadcrumbList","@id":"https:\/\/www.artisten.dk\/soeg-tilskud\/rettighedsmidler\/#breadcrumb","itemListElement":[{"@type":"ListItem","position":1,"name":"S\u00f8g tilskud","item":"https:\/\/www.artisten.dk\/soeg-tilskud\/"},{"@type":"ListItem","position":2,"name":"Rettighedsmidler"}]},{"@type":"WebSite","@id":"https:\/\/www.artisten.dk\/#website","url":"https:\/\/www.artisten.dk\/","name":"Danish Artist Association","description":"","publisher":{"@id":"https:\/\/www.artisten.dk\/#organization"},"potentialAction":[{"@type":"SearchAction","target":{"@type":"EntryPoint","urlTemplate":"https:\/\/www.artisten.dk\/?s={search_term_string}"},"query-input":{"@type":"PropertyValueSpecification","valueRequired":true,"valueName":"search_term_string"}}],"inLanguage":"en-GB"},{"@type":"Organization","@id":"https:\/\/www.artisten.dk\/#organization","name":"Danish Artist Association","url":"https:\/\/www.artisten.dk\/","logo":{"@type":"ImageObject","inLanguage":"en-GB","@id":"https:\/\/www.artisten.dk\/#\/schema\/logo\/image\/","url":"https:\/\/daf.demo.supertusch.com\/wp-content\/uploads\/2023\/10\/NAVNETRAEK_FOOTER.jpg","contentUrl":"https:\/\/daf.demo.supertusch.com\/wp-content\/uploads\/2023\/10\/NAVNETRAEK_FOOTER.jpg","width":148,"height":100,"caption":"Dansk Artist Forbund"},"image":{"@id":"https:\/\/www.artisten.dk\/#\/schema\/logo\/image\/"}}]}},"_links":{"self":[{"href":"https:\/\/www.artisten.dk\/en\/wp-json\/wp\/v2\/pages\/4485","targetHints":{"allow":["GET"]}}],"collection":[{"href":"https:\/\/www.artisten.dk\/en\/wp-json\/wp\/v2\/pages"}],"about":[{"href":"https:\/\/www.artisten.dk\/en\/wp-json\/wp\/v2\/types\/page"}],"author":[{"embeddable":true,"href":"https:\/\/www.artisten.dk\/en\/wp-json\/wp\/v2\/users\/4"}],"replies":[{"embeddable":true,"href":"https:\/\/www.artisten.dk\/en\/wp-json\/wp\/v2\/comments?post=4485"}],"version-history":[{"count":4,"href":"https:\/\/www.artisten.dk\/en\/wp-json\/wp\/v2\/pages\/4485\/revisions"}],"predecessor-version":[{"id":8340,"href":"https:\/\/www.artisten.dk\/en\/wp-json\/wp\/v2\/pages\/4485\/revisions\/8340"}],"up":[{"embeddable":true,"href":"https:\/\/www.artisten.dk\/en\/wp-json\/wp\/v2\/pages\/476"}],"wp:attachment":[{"href":"https:\/\/www.artisten.dk\/en\/wp-json\/wp\/v2\/media?parent=4485"}],"curies":[{"name":"wp","href":"https:\/\/api.w.org\/{rel}","templated":true}]}}