{"id":4837,"date":"2024-11-05T15:48:30","date_gmt":"2024-11-05T14:48:30","guid":{"rendered":"https:\/\/www.artisten.dk\/?page_id=4837"},"modified":"2024-11-14T12:13:29","modified_gmt":"2024-11-14T11:13:29","slug":"workshop-on-economics-for-musicians-and-artistic-entrepreneurs","status":"publish","type":"page","link":"https:\/\/www.artisten.dk\/en\/kalender-events\/workshop-om-oekonomi-for-musikere-og-kunstneriske-ivaerksaettere\/","title":{"rendered":"Workshop on finances for musicians and artistic entrepreneurs"},"content":{"rendered":"<p>Does your income from music or performance end up in a payroll account? Or do you monetise arts and culture in your own business?<\/p>\n<p>As a musician and artist, you have several options and this workshop will give you an overview of which framework best suits your work and earnings.<\/p>\n<p><strong>Workshop on Thursday 28 November from 15-18.<\/strong><\/p>\n<p>At the workshop, you will meet Bent Malinowski, accountant at the Danish Artist Association, and learn how you as a musician, artist or performer should relate to income, tax, VAT and deductions.<\/p>\n<p>The event is organised by SOUND and the Danish Artist Association and is aimed at all musicians and artistic entrepreneurs, whether you are an employee, fee earner or self-employed.<\/p>\n<p>&nbsp;<\/p>\n<p>The event starts with a presentation that will cover topics such as<\/p>\n<ul>\n<li>Income as an employee, fee earner and self-employed<\/li>\n<li>Terms for own company or partnerships<\/li>\n<li>Company or association requirements<\/li>\n<li>Unemployment insurance cover as self-employed<\/li>\n<li>VAT, accounting and tax<\/li>\n<\/ul>\n<p>Then there is time for questions.<\/p>\n<p>Bent Malinowski is an accountant specialising in accounting and tax for musicians and other artists. He understands the complex finances of musicians, performers and other creative entrepreneurs. Bent has extensive experience and is a highly regarded advisor on how to organise yourself in the creative industry.<\/p>\n<p><b>Practical info<\/b><\/p>\n<p>Registration: It's free to attend, but places are limited. If you register and are unable to attend, please let us know.<\/p>\n<p>Thursday 28 November from 15-18.<br \/>\nSOUND, Eik Skal\u00f8es Plads 1, 1437 Copenhagen K<\/p>","protected":false},"excerpt":{"rendered":"<p>Havner dine indt\u00e6gter fra musik eller performance p\u00e5 en l\u00f8nkonto? Eller tjener du penge p\u00e5 kunst og kultur i dit eget firma? Som musiker og kunstner har du flere muligheder og denne workshop giver overblik over, hvilken ramme, der passer bedst til dit virke og din indtjening. Workshop torsdag den 28. november kl. 15-18. P\u00e5 [&hellip;]<\/p>\n","protected":false},"author":4,"featured_media":0,"parent":291,"menu_order":0,"comment_status":"closed","ping_status":"closed","template":"page-normal.php","meta":{"_acf_changed":false,"footnotes":""},"class_list":["post-4837","page","type-page","status-publish","hentry"],"acf":[],"yoast_head":"<!-- This site is optimized with the Yoast SEO plugin v27.1.1 - https:\/\/yoast.com\/product\/yoast-seo-wordpress\/ -->\n<title>Workshop om \u00f8konomi for musikere og kunstneriske iv\u00e6rks\u00e6ttere - Dansk Artist Forbund<\/title>\n<meta name=\"robots\" content=\"index, follow, max-snippet:-1, max-image-preview:large, max-video-preview:-1\" \/>\n<link rel=\"canonical\" href=\"https:\/\/www.artisten.dk\/en\/events-calendar\/workshop-on-economics-for-musicians-and-artistic-entrepreneurs\/\" \/>\n<meta property=\"og:locale\" content=\"en_GB\" \/>\n<meta property=\"og:type\" content=\"article\" \/>\n<meta property=\"og:title\" content=\"Workshop om \u00f8konomi for musikere og kunstneriske iv\u00e6rks\u00e6ttere - Dansk Artist Forbund\" \/>\n<meta property=\"og:description\" content=\"Havner dine indt\u00e6gter fra musik eller performance p\u00e5 en l\u00f8nkonto? Eller tjener du penge p\u00e5 kunst og kultur i dit eget firma? Som musiker og kunstner har du flere muligheder og denne workshop giver overblik over, hvilken ramme, der passer bedst til dit virke og din indtjening. Workshop torsdag den 28. november kl. 15-18. P\u00e5 [&hellip;]\" \/>\n<meta property=\"og:url\" content=\"https:\/\/www.artisten.dk\/en\/events-calendar\/workshop-on-economics-for-musicians-and-artistic-entrepreneurs\/\" \/>\n<meta property=\"og:site_name\" content=\"Dansk Artist Forbund\" \/>\n<meta property=\"article:modified_time\" content=\"2024-11-14T11:13:29+00:00\" \/>\n<meta name=\"twitter:card\" content=\"summary_large_image\" \/>\n<meta name=\"twitter:label1\" content=\"Estimated reading time\" \/>\n\t<meta name=\"twitter:data1\" content=\"3 minutes\" \/>\n<script type=\"application\/ld+json\" class=\"yoast-schema-graph\">{\"@context\":\"https:\/\/schema.org\",\"@graph\":[{\"@type\":\"WebPage\",\"@id\":\"https:\/\/www.artisten.dk\/kalender-events\/workshop-om-oekonomi-for-musikere-og-kunstneriske-ivaerksaettere\/\",\"url\":\"https:\/\/www.artisten.dk\/kalender-events\/workshop-om-oekonomi-for-musikere-og-kunstneriske-ivaerksaettere\/\",\"name\":\"Workshop om \u00f8konomi for musikere og kunstneriske iv\u00e6rks\u00e6ttere - Dansk Artist Forbund\",\"isPartOf\":{\"@id\":\"https:\/\/www.artisten.dk\/#website\"},\"datePublished\":\"2024-11-05T14:48:30+00:00\",\"dateModified\":\"2024-11-14T11:13:29+00:00\",\"breadcrumb\":{\"@id\":\"https:\/\/www.artisten.dk\/kalender-events\/workshop-om-oekonomi-for-musikere-og-kunstneriske-ivaerksaettere\/#breadcrumb\"},\"inLanguage\":\"en-GB\",\"potentialAction\":[{\"@type\":\"ReadAction\",\"target\":[\"https:\/\/www.artisten.dk\/kalender-events\/workshop-om-oekonomi-for-musikere-og-kunstneriske-ivaerksaettere\/\"]}]},{\"@type\":\"BreadcrumbList\",\"@id\":\"https:\/\/www.artisten.dk\/kalender-events\/workshop-om-oekonomi-for-musikere-og-kunstneriske-ivaerksaettere\/#breadcrumb\",\"itemListElement\":[{\"@type\":\"ListItem\",\"position\":1,\"name\":\"Kalender &#038; events\",\"item\":\"https:\/\/www.artisten.dk\/kalender-events\/\"},{\"@type\":\"ListItem\",\"position\":2,\"name\":\"Workshop om \u00f8konomi for musikere og kunstneriske iv\u00e6rks\u00e6ttere\"}]},{\"@type\":\"WebSite\",\"@id\":\"https:\/\/www.artisten.dk\/#website\",\"url\":\"https:\/\/www.artisten.dk\/\",\"name\":\"Dansk Artist Forbund\",\"description\":\"\",\"publisher\":{\"@id\":\"https:\/\/www.artisten.dk\/#organization\"},\"potentialAction\":[{\"@type\":\"SearchAction\",\"target\":{\"@type\":\"EntryPoint\",\"urlTemplate\":\"https:\/\/www.artisten.dk\/?s={search_term_string}\"},\"query-input\":{\"@type\":\"PropertyValueSpecification\",\"valueRequired\":true,\"valueName\":\"search_term_string\"}}],\"inLanguage\":\"en-GB\"},{\"@type\":\"Organization\",\"@id\":\"https:\/\/www.artisten.dk\/#organization\",\"name\":\"Dansk Artist Forbund\",\"url\":\"https:\/\/www.artisten.dk\/\",\"logo\":{\"@type\":\"ImageObject\",\"inLanguage\":\"en-GB\",\"@id\":\"https:\/\/www.artisten.dk\/#\/schema\/logo\/image\/\",\"url\":\"https:\/\/daf.demo.supertusch.com\/wp-content\/uploads\/2023\/10\/NAVNETRAEK_FOOTER.jpg\",\"contentUrl\":\"https:\/\/daf.demo.supertusch.com\/wp-content\/uploads\/2023\/10\/NAVNETRAEK_FOOTER.jpg\",\"width\":148,\"height\":100,\"caption\":\"Dansk Artist Forbund\"},\"image\":{\"@id\":\"https:\/\/www.artisten.dk\/#\/schema\/logo\/image\/\"}}]}<\/script>\n<!-- \/ Yoast SEO plugin. -->","yoast_head_json":{"title":"Financial workshop for musicians and artistic entrepreneurs - Dansk Artist Forbund","robots":{"index":"index","follow":"follow","max-snippet":"max-snippet:-1","max-image-preview":"max-image-preview:large","max-video-preview":"max-video-preview:-1"},"canonical":"https:\/\/www.artisten.dk\/en\/events-calendar\/workshop-on-economics-for-musicians-and-artistic-entrepreneurs\/","og_locale":"en_GB","og_type":"article","og_title":"Workshop om \u00f8konomi for musikere og kunstneriske iv\u00e6rks\u00e6ttere - Dansk Artist Forbund","og_description":"Havner dine indt\u00e6gter fra musik eller performance p\u00e5 en l\u00f8nkonto? Eller tjener du penge p\u00e5 kunst og kultur i dit eget firma? Som musiker og kunstner har du flere muligheder og denne workshop giver overblik over, hvilken ramme, der passer bedst til dit virke og din indtjening. Workshop torsdag den 28. november kl. 15-18. P\u00e5 [&hellip;]","og_url":"https:\/\/www.artisten.dk\/en\/events-calendar\/workshop-on-economics-for-musicians-and-artistic-entrepreneurs\/","og_site_name":"Dansk Artist Forbund","article_modified_time":"2024-11-14T11:13:29+00:00","twitter_card":"summary_large_image","twitter_misc":{"Estimated reading time":"3 minutes"},"schema":{"@context":"https:\/\/schema.org","@graph":[{"@type":"WebPage","@id":"https:\/\/www.artisten.dk\/kalender-events\/workshop-om-oekonomi-for-musikere-og-kunstneriske-ivaerksaettere\/","url":"https:\/\/www.artisten.dk\/kalender-events\/workshop-om-oekonomi-for-musikere-og-kunstneriske-ivaerksaettere\/","name":"Financial workshop for musicians and artistic entrepreneurs - Dansk Artist Forbund","isPartOf":{"@id":"https:\/\/www.artisten.dk\/#website"},"datePublished":"2024-11-05T14:48:30+00:00","dateModified":"2024-11-14T11:13:29+00:00","breadcrumb":{"@id":"https:\/\/www.artisten.dk\/kalender-events\/workshop-om-oekonomi-for-musikere-og-kunstneriske-ivaerksaettere\/#breadcrumb"},"inLanguage":"en-GB","potentialAction":[{"@type":"ReadAction","target":["https:\/\/www.artisten.dk\/kalender-events\/workshop-om-oekonomi-for-musikere-og-kunstneriske-ivaerksaettere\/"]}]},{"@type":"BreadcrumbList","@id":"https:\/\/www.artisten.dk\/kalender-events\/workshop-om-oekonomi-for-musikere-og-kunstneriske-ivaerksaettere\/#breadcrumb","itemListElement":[{"@type":"ListItem","position":1,"name":"Kalender &#038; events","item":"https:\/\/www.artisten.dk\/kalender-events\/"},{"@type":"ListItem","position":2,"name":"Workshop om \u00f8konomi for musikere og kunstneriske iv\u00e6rks\u00e6ttere"}]},{"@type":"WebSite","@id":"https:\/\/www.artisten.dk\/#website","url":"https:\/\/www.artisten.dk\/","name":"Danish Artist Association","description":"","publisher":{"@id":"https:\/\/www.artisten.dk\/#organization"},"potentialAction":[{"@type":"SearchAction","target":{"@type":"EntryPoint","urlTemplate":"https:\/\/www.artisten.dk\/?s={search_term_string}"},"query-input":{"@type":"PropertyValueSpecification","valueRequired":true,"valueName":"search_term_string"}}],"inLanguage":"en-GB"},{"@type":"Organization","@id":"https:\/\/www.artisten.dk\/#organization","name":"Danish Artist Association","url":"https:\/\/www.artisten.dk\/","logo":{"@type":"ImageObject","inLanguage":"en-GB","@id":"https:\/\/www.artisten.dk\/#\/schema\/logo\/image\/","url":"https:\/\/daf.demo.supertusch.com\/wp-content\/uploads\/2023\/10\/NAVNETRAEK_FOOTER.jpg","contentUrl":"https:\/\/daf.demo.supertusch.com\/wp-content\/uploads\/2023\/10\/NAVNETRAEK_FOOTER.jpg","width":148,"height":100,"caption":"Dansk Artist Forbund"},"image":{"@id":"https:\/\/www.artisten.dk\/#\/schema\/logo\/image\/"}}]}},"_links":{"self":[{"href":"https:\/\/www.artisten.dk\/en\/wp-json\/wp\/v2\/pages\/4837","targetHints":{"allow":["GET"]}}],"collection":[{"href":"https:\/\/www.artisten.dk\/en\/wp-json\/wp\/v2\/pages"}],"about":[{"href":"https:\/\/www.artisten.dk\/en\/wp-json\/wp\/v2\/types\/page"}],"author":[{"embeddable":true,"href":"https:\/\/www.artisten.dk\/en\/wp-json\/wp\/v2\/users\/4"}],"replies":[{"embeddable":true,"href":"https:\/\/www.artisten.dk\/en\/wp-json\/wp\/v2\/comments?post=4837"}],"version-history":[{"count":4,"href":"https:\/\/www.artisten.dk\/en\/wp-json\/wp\/v2\/pages\/4837\/revisions"}],"predecessor-version":[{"id":5077,"href":"https:\/\/www.artisten.dk\/en\/wp-json\/wp\/v2\/pages\/4837\/revisions\/5077"}],"up":[{"embeddable":true,"href":"https:\/\/www.artisten.dk\/en\/wp-json\/wp\/v2\/pages\/291"}],"wp:attachment":[{"href":"https:\/\/www.artisten.dk\/en\/wp-json\/wp\/v2\/media?parent=4837"}],"curies":[{"name":"wp","href":"https:\/\/api.w.org\/{rel}","templated":true}]}}