{"id":5965,"date":"2025-03-05T11:40:37","date_gmt":"2025-03-05T10:40:37","guid":{"rendered":"https:\/\/www.artisten.dk\/?page_id=5965"},"modified":"2025-03-10T13:42:06","modified_gmt":"2025-03-10T12:42:06","slug":"standardkontrakter","status":"publish","type":"page","link":"https:\/\/www.artisten.dk\/en\/standardkontrakter\/","title":{"rendered":"Standardkontrakter"},"content":{"rendered":"","protected":false},"excerpt":{"rendered":"","protected":false},"author":4,"featured_media":0,"parent":0,"menu_order":0,"comment_status":"closed","ping_status":"closed","template":"page-normal.php","meta":{"_acf_changed":false,"footnotes":""},"class_list":["post-5965","page","type-page","status-publish","hentry"],"acf":[],"yoast_head":"<!-- This site is optimized with the Yoast SEO plugin v27.1.1 - https:\/\/yoast.com\/product\/yoast-seo-wordpress\/ -->\n<title>Standardkontrakter - Dansk Artist Forbund<\/title>\n<meta name=\"description\" content=\"Dansk Artist Forbunds standardkontrakt g\u00f8r det nemt at aftale alle aspekter af en live optr\u00e6den, lige fra betaling af transport og markedsf\u00f8ring til sp\u00f8rgsm\u00e5l om arbejdsmilj\u00f8 og sceniske forhold omkring et show eller optr\u00e6den, til billeder og videoklip efter et act eller forestilling.\" \/>\n<meta name=\"robots\" content=\"index, follow, max-snippet:-1, max-image-preview:large, max-video-preview:-1\" \/>\n<link rel=\"canonical\" href=\"https:\/\/www.artisten.dk\/en\/standardkontrakter\/\" \/>\n<meta property=\"og:locale\" content=\"en_GB\" \/>\n<meta property=\"og:type\" content=\"article\" \/>\n<meta property=\"og:title\" content=\"Standardkontrakter - Dansk Artist Forbund\" \/>\n<meta property=\"og:description\" content=\"Dansk Artist Forbunds standardkontrakt g\u00f8r det nemt at aftale alle aspekter af en live optr\u00e6den, lige fra betaling af transport og markedsf\u00f8ring til sp\u00f8rgsm\u00e5l om arbejdsmilj\u00f8 og sceniske forhold omkring et show eller optr\u00e6den, til billeder og videoklip efter et act eller forestilling.\" \/>\n<meta property=\"og:url\" content=\"https:\/\/www.artisten.dk\/en\/standardkontrakter\/\" \/>\n<meta property=\"og:site_name\" content=\"Dansk Artist Forbund\" \/>\n<meta property=\"article:modified_time\" content=\"2025-03-10T12:42:06+00:00\" \/>\n<meta name=\"twitter:card\" content=\"summary_large_image\" \/>\n<meta name=\"twitter:label1\" content=\"Estimated reading time\" \/>\n\t<meta name=\"twitter:data1\" content=\"2 minutes\" \/>\n<script type=\"application\/ld+json\" class=\"yoast-schema-graph\">{\"@context\":\"https:\/\/schema.org\",\"@graph\":[{\"@type\":\"WebPage\",\"@id\":\"https:\/\/www.artisten.dk\/standardkontrakter\/\",\"url\":\"https:\/\/www.artisten.dk\/standardkontrakter\/\",\"name\":\"Standardkontrakter - Dansk Artist Forbund\",\"isPartOf\":{\"@id\":\"https:\/\/www.artisten.dk\/#website\"},\"datePublished\":\"2025-03-05T10:40:37+00:00\",\"dateModified\":\"2025-03-10T12:42:06+00:00\",\"description\":\"Dansk Artist Forbunds standardkontrakt g\u00f8r det nemt at aftale alle aspekter af en live optr\u00e6den, lige fra betaling af transport og markedsf\u00f8ring til sp\u00f8rgsm\u00e5l om arbejdsmilj\u00f8 og sceniske forhold omkring et show eller optr\u00e6den, til billeder og videoklip efter et act eller forestilling.\",\"inLanguage\":\"en-GB\",\"potentialAction\":[{\"@type\":\"ReadAction\",\"target\":[\"https:\/\/www.artisten.dk\/standardkontrakter\/\"]}]},{\"@type\":\"WebSite\",\"@id\":\"https:\/\/www.artisten.dk\/#website\",\"url\":\"https:\/\/www.artisten.dk\/\",\"name\":\"Dansk Artist Forbund\",\"description\":\"\",\"publisher\":{\"@id\":\"https:\/\/www.artisten.dk\/#organization\"},\"potentialAction\":[{\"@type\":\"SearchAction\",\"target\":{\"@type\":\"EntryPoint\",\"urlTemplate\":\"https:\/\/www.artisten.dk\/?s={search_term_string}\"},\"query-input\":{\"@type\":\"PropertyValueSpecification\",\"valueRequired\":true,\"valueName\":\"search_term_string\"}}],\"inLanguage\":\"en-GB\"},{\"@type\":\"Organization\",\"@id\":\"https:\/\/www.artisten.dk\/#organization\",\"name\":\"Dansk Artist Forbund\",\"url\":\"https:\/\/www.artisten.dk\/\",\"logo\":{\"@type\":\"ImageObject\",\"inLanguage\":\"en-GB\",\"@id\":\"https:\/\/www.artisten.dk\/#\/schema\/logo\/image\/\",\"url\":\"https:\/\/daf.demo.supertusch.com\/wp-content\/uploads\/2023\/10\/NAVNETRAEK_FOOTER.jpg\",\"contentUrl\":\"https:\/\/daf.demo.supertusch.com\/wp-content\/uploads\/2023\/10\/NAVNETRAEK_FOOTER.jpg\",\"width\":148,\"height\":100,\"caption\":\"Dansk Artist Forbund\"},\"image\":{\"@id\":\"https:\/\/www.artisten.dk\/#\/schema\/logo\/image\/\"}}]}<\/script>\n<!-- \/ Yoast SEO plugin. -->","yoast_head_json":{"title":"Standardkontrakter - Dansk Artist Forbund","description":"The Danish Artist Union's standard contract makes it easy to agree on all aspects of a live performance, from payment of transport and marketing, to questions about the working environment and stage conditions around a show or performance, to photos and video clips after an act or performance.","robots":{"index":"index","follow":"follow","max-snippet":"max-snippet:-1","max-image-preview":"max-image-preview:large","max-video-preview":"max-video-preview:-1"},"canonical":"https:\/\/www.artisten.dk\/en\/standardkontrakter\/","og_locale":"en_GB","og_type":"article","og_title":"Standardkontrakter - Dansk Artist Forbund","og_description":"Dansk Artist Forbunds standardkontrakt g\u00f8r det nemt at aftale alle aspekter af en live optr\u00e6den, lige fra betaling af transport og markedsf\u00f8ring til sp\u00f8rgsm\u00e5l om arbejdsmilj\u00f8 og sceniske forhold omkring et show eller optr\u00e6den, til billeder og videoklip efter et act eller forestilling.","og_url":"https:\/\/www.artisten.dk\/en\/standardkontrakter\/","og_site_name":"Dansk Artist Forbund","article_modified_time":"2025-03-10T12:42:06+00:00","twitter_card":"summary_large_image","twitter_misc":{"Estimated reading time":"2 minutes"},"schema":{"@context":"https:\/\/schema.org","@graph":[{"@type":"WebPage","@id":"https:\/\/www.artisten.dk\/standardkontrakter\/","url":"https:\/\/www.artisten.dk\/standardkontrakter\/","name":"Standardkontrakter - Dansk Artist Forbund","isPartOf":{"@id":"https:\/\/www.artisten.dk\/#website"},"datePublished":"2025-03-05T10:40:37+00:00","dateModified":"2025-03-10T12:42:06+00:00","description":"The Danish Artist Union's standard contract makes it easy to agree on all aspects of a live performance, from payment of transport and marketing, to questions about the working environment and stage conditions around a show or performance, to photos and video clips after an act or performance.","inLanguage":"en-GB","potentialAction":[{"@type":"ReadAction","target":["https:\/\/www.artisten.dk\/standardkontrakter\/"]}]},{"@type":"WebSite","@id":"https:\/\/www.artisten.dk\/#website","url":"https:\/\/www.artisten.dk\/","name":"Danish Artist Association","description":"","publisher":{"@id":"https:\/\/www.artisten.dk\/#organization"},"potentialAction":[{"@type":"SearchAction","target":{"@type":"EntryPoint","urlTemplate":"https:\/\/www.artisten.dk\/?s={search_term_string}"},"query-input":{"@type":"PropertyValueSpecification","valueRequired":true,"valueName":"search_term_string"}}],"inLanguage":"en-GB"},{"@type":"Organization","@id":"https:\/\/www.artisten.dk\/#organization","name":"Danish Artist Association","url":"https:\/\/www.artisten.dk\/","logo":{"@type":"ImageObject","inLanguage":"en-GB","@id":"https:\/\/www.artisten.dk\/#\/schema\/logo\/image\/","url":"https:\/\/daf.demo.supertusch.com\/wp-content\/uploads\/2023\/10\/NAVNETRAEK_FOOTER.jpg","contentUrl":"https:\/\/daf.demo.supertusch.com\/wp-content\/uploads\/2023\/10\/NAVNETRAEK_FOOTER.jpg","width":148,"height":100,"caption":"Dansk Artist Forbund"},"image":{"@id":"https:\/\/www.artisten.dk\/#\/schema\/logo\/image\/"}}]}},"_links":{"self":[{"href":"https:\/\/www.artisten.dk\/en\/wp-json\/wp\/v2\/pages\/5965","targetHints":{"allow":["GET"]}}],"collection":[{"href":"https:\/\/www.artisten.dk\/en\/wp-json\/wp\/v2\/pages"}],"about":[{"href":"https:\/\/www.artisten.dk\/en\/wp-json\/wp\/v2\/types\/page"}],"author":[{"embeddable":true,"href":"https:\/\/www.artisten.dk\/en\/wp-json\/wp\/v2\/users\/4"}],"replies":[{"embeddable":true,"href":"https:\/\/www.artisten.dk\/en\/wp-json\/wp\/v2\/comments?post=5965"}],"version-history":[{"count":4,"href":"https:\/\/www.artisten.dk\/en\/wp-json\/wp\/v2\/pages\/5965\/revisions"}],"predecessor-version":[{"id":6111,"href":"https:\/\/www.artisten.dk\/en\/wp-json\/wp\/v2\/pages\/5965\/revisions\/6111"}],"wp:attachment":[{"href":"https:\/\/www.artisten.dk\/en\/wp-json\/wp\/v2\/media?parent=5965"}],"curies":[{"name":"wp","href":"https:\/\/api.w.org\/{rel}","templated":true}]}}