{"id":7631,"date":"2025-09-17T14:14:10","date_gmt":"2025-09-17T12:14:10","guid":{"rendered":"https:\/\/www.artisten.dk\/?page_id=7631"},"modified":"2025-09-17T14:15:32","modified_gmt":"2025-09-17T12:15:32","slug":"performex-pays-out-to-music-publishers-on-tv","status":"publish","type":"page","link":"https:\/\/www.artisten.dk\/en\/performex-udbetaler-til-musikudoevere-paa-tv\/","title":{"rendered":"Performex pays out to music performers on TV"},"content":{"rendered":"<p>Performex pays retransmission fees to artists, singers and musicians.<\/p>\n<p>The payment is for the use of TV programmes transmitted via shared antenna, cable systems, etc. and remuneration for archive use.<\/p>\n<p>Read more at<a href=\"http:\/\/www.performex.dk\/\">Performex.dk<\/a><\/p>\n<p><strong>Can your contract be included in the Performex distribution?<\/strong><\/p>\n<p>Always remember to send your contract to the union to make sure that it can be included in Performex's distribution.Please contact the union before signing a contract if you are unsure whether it fulfils the requirements. If the contract has already been signed, we may be able to help you with an addendum that secures your rights.<\/p>\n<p>You can also contact Dansk Artist Forbund about your contract even if you are not a member.<\/p>\n<p><strong>How Performex works<\/strong><\/p>\n<p>Performex registers the performance of individual rights holders based on contracts and lists from DR, and extensive outreach work is done to obtain documentation and registration of the rights holders. In this connection, Performex checks each individual contract to ensure that it fulfils the requirements to be included in the distribution.<\/p>\n<p>Performex is a non-profit management company administered by the Danish Artist Association and the Danish Federation of Musicians.<\/p>","protected":false},"excerpt":{"rendered":"<p>Performex udbetaler retransmissionsvederlag til artister, sangere og musikere. Betalingen er for brug af tv-programmer, der bliver sendt via f\u00e6llesantenne, kabelanl\u00e6g m.v. samt vederlag for arkivudnyttelser. L\u00e6s mere\u202fp\u00e5\u202fPerformex.dk Kan din kontrakt indg\u00e5 i Performex-fordelingen? Husk altid at sende forbundet din kontrakt, s\u00e5 du er sikker p\u00e5, at den kan indg\u00e5 i Performex\u2019 fordeling.\u202fKontakt gerne forbundet, inden [&hellip;]<\/p>\n","protected":false},"author":9,"featured_media":0,"parent":0,"menu_order":0,"comment_status":"closed","ping_status":"closed","template":"","meta":{"_acf_changed":false,"footnotes":""},"class_list":["post-7631","page","type-page","status-publish","hentry"],"acf":[],"yoast_head":"<!-- This site is optimized with the Yoast SEO plugin v27.1.1 - https:\/\/yoast.com\/product\/yoast-seo-wordpress\/ -->\n<title>Performex udbetaler til musikud\u00f8vere p\u00e5 tv - Dansk Artist Forbund<\/title>\n<meta name=\"robots\" content=\"index, follow, max-snippet:-1, max-image-preview:large, max-video-preview:-1\" \/>\n<link rel=\"canonical\" href=\"https:\/\/www.artisten.dk\/en\/performex-pays-out-to-music-publishers-on-tv\/\" \/>\n<meta property=\"og:locale\" content=\"en_GB\" \/>\n<meta property=\"og:type\" content=\"article\" \/>\n<meta property=\"og:title\" content=\"Performex udbetaler til musikud\u00f8vere p\u00e5 tv - Dansk Artist Forbund\" \/>\n<meta property=\"og:description\" content=\"Performex udbetaler retransmissionsvederlag til artister, sangere og musikere. Betalingen er for brug af tv-programmer, der bliver sendt via f\u00e6llesantenne, kabelanl\u00e6g m.v. samt vederlag for arkivudnyttelser. L\u00e6s mere\u202fp\u00e5\u202fPerformex.dk Kan din kontrakt indg\u00e5 i Performex-fordelingen? Husk altid at sende forbundet din kontrakt, s\u00e5 du er sikker p\u00e5, at den kan indg\u00e5 i Performex\u2019 fordeling.\u202fKontakt gerne forbundet, inden [&hellip;]\" \/>\n<meta property=\"og:url\" content=\"https:\/\/www.artisten.dk\/en\/performex-pays-out-to-music-publishers-on-tv\/\" \/>\n<meta property=\"og:site_name\" content=\"Dansk Artist Forbund\" \/>\n<meta property=\"article:modified_time\" content=\"2025-09-17T12:15:32+00:00\" \/>\n<meta name=\"twitter:card\" content=\"summary_large_image\" \/>\n<meta name=\"twitter:label1\" content=\"Estimated reading time\" \/>\n\t<meta name=\"twitter:data1\" content=\"1 minute\" \/>\n<script type=\"application\/ld+json\" class=\"yoast-schema-graph\">{\"@context\":\"https:\/\/schema.org\",\"@graph\":[{\"@type\":\"WebPage\",\"@id\":\"https:\/\/www.artisten.dk\/performex-udbetaler-til-musikudoevere-paa-tv\/\",\"url\":\"https:\/\/www.artisten.dk\/performex-udbetaler-til-musikudoevere-paa-tv\/\",\"name\":\"Performex udbetaler til musikud\u00f8vere p\u00e5 tv - Dansk Artist Forbund\",\"isPartOf\":{\"@id\":\"https:\/\/www.artisten.dk\/#website\"},\"datePublished\":\"2025-09-17T12:14:10+00:00\",\"dateModified\":\"2025-09-17T12:15:32+00:00\",\"inLanguage\":\"en-GB\",\"potentialAction\":[{\"@type\":\"ReadAction\",\"target\":[\"https:\/\/www.artisten.dk\/performex-udbetaler-til-musikudoevere-paa-tv\/\"]}]},{\"@type\":\"WebSite\",\"@id\":\"https:\/\/www.artisten.dk\/#website\",\"url\":\"https:\/\/www.artisten.dk\/\",\"name\":\"Dansk Artist Forbund\",\"description\":\"\",\"publisher\":{\"@id\":\"https:\/\/www.artisten.dk\/#organization\"},\"potentialAction\":[{\"@type\":\"SearchAction\",\"target\":{\"@type\":\"EntryPoint\",\"urlTemplate\":\"https:\/\/www.artisten.dk\/?s={search_term_string}\"},\"query-input\":{\"@type\":\"PropertyValueSpecification\",\"valueRequired\":true,\"valueName\":\"search_term_string\"}}],\"inLanguage\":\"en-GB\"},{\"@type\":\"Organization\",\"@id\":\"https:\/\/www.artisten.dk\/#organization\",\"name\":\"Dansk Artist Forbund\",\"url\":\"https:\/\/www.artisten.dk\/\",\"logo\":{\"@type\":\"ImageObject\",\"inLanguage\":\"en-GB\",\"@id\":\"https:\/\/www.artisten.dk\/#\/schema\/logo\/image\/\",\"url\":\"https:\/\/daf.demo.supertusch.com\/wp-content\/uploads\/2023\/10\/NAVNETRAEK_FOOTER.jpg\",\"contentUrl\":\"https:\/\/daf.demo.supertusch.com\/wp-content\/uploads\/2023\/10\/NAVNETRAEK_FOOTER.jpg\",\"width\":148,\"height\":100,\"caption\":\"Dansk Artist Forbund\"},\"image\":{\"@id\":\"https:\/\/www.artisten.dk\/#\/schema\/logo\/image\/\"}}]}<\/script>\n<!-- \/ Yoast SEO plugin. -->","yoast_head_json":{"title":"Performex pays out to music performers on TV - Dansk Artist Forbund","robots":{"index":"index","follow":"follow","max-snippet":"max-snippet:-1","max-image-preview":"max-image-preview:large","max-video-preview":"max-video-preview:-1"},"canonical":"https:\/\/www.artisten.dk\/en\/performex-pays-out-to-music-publishers-on-tv\/","og_locale":"en_GB","og_type":"article","og_title":"Performex udbetaler til musikud\u00f8vere p\u00e5 tv - Dansk Artist Forbund","og_description":"Performex udbetaler retransmissionsvederlag til artister, sangere og musikere. Betalingen er for brug af tv-programmer, der bliver sendt via f\u00e6llesantenne, kabelanl\u00e6g m.v. samt vederlag for arkivudnyttelser. L\u00e6s mere\u202fp\u00e5\u202fPerformex.dk Kan din kontrakt indg\u00e5 i Performex-fordelingen? Husk altid at sende forbundet din kontrakt, s\u00e5 du er sikker p\u00e5, at den kan indg\u00e5 i Performex\u2019 fordeling.\u202fKontakt gerne forbundet, inden [&hellip;]","og_url":"https:\/\/www.artisten.dk\/en\/performex-pays-out-to-music-publishers-on-tv\/","og_site_name":"Dansk Artist Forbund","article_modified_time":"2025-09-17T12:15:32+00:00","twitter_card":"summary_large_image","twitter_misc":{"Estimated reading time":"1 minute"},"schema":{"@context":"https:\/\/schema.org","@graph":[{"@type":"WebPage","@id":"https:\/\/www.artisten.dk\/performex-udbetaler-til-musikudoevere-paa-tv\/","url":"https:\/\/www.artisten.dk\/performex-udbetaler-til-musikudoevere-paa-tv\/","name":"Performex pays out to music performers on TV - Dansk Artist Forbund","isPartOf":{"@id":"https:\/\/www.artisten.dk\/#website"},"datePublished":"2025-09-17T12:14:10+00:00","dateModified":"2025-09-17T12:15:32+00:00","inLanguage":"en-GB","potentialAction":[{"@type":"ReadAction","target":["https:\/\/www.artisten.dk\/performex-udbetaler-til-musikudoevere-paa-tv\/"]}]},{"@type":"WebSite","@id":"https:\/\/www.artisten.dk\/#website","url":"https:\/\/www.artisten.dk\/","name":"Danish Artist Association","description":"","publisher":{"@id":"https:\/\/www.artisten.dk\/#organization"},"potentialAction":[{"@type":"SearchAction","target":{"@type":"EntryPoint","urlTemplate":"https:\/\/www.artisten.dk\/?s={search_term_string}"},"query-input":{"@type":"PropertyValueSpecification","valueRequired":true,"valueName":"search_term_string"}}],"inLanguage":"en-GB"},{"@type":"Organization","@id":"https:\/\/www.artisten.dk\/#organization","name":"Danish Artist Association","url":"https:\/\/www.artisten.dk\/","logo":{"@type":"ImageObject","inLanguage":"en-GB","@id":"https:\/\/www.artisten.dk\/#\/schema\/logo\/image\/","url":"https:\/\/daf.demo.supertusch.com\/wp-content\/uploads\/2023\/10\/NAVNETRAEK_FOOTER.jpg","contentUrl":"https:\/\/daf.demo.supertusch.com\/wp-content\/uploads\/2023\/10\/NAVNETRAEK_FOOTER.jpg","width":148,"height":100,"caption":"Dansk Artist Forbund"},"image":{"@id":"https:\/\/www.artisten.dk\/#\/schema\/logo\/image\/"}}]}},"_links":{"self":[{"href":"https:\/\/www.artisten.dk\/en\/wp-json\/wp\/v2\/pages\/7631","targetHints":{"allow":["GET"]}}],"collection":[{"href":"https:\/\/www.artisten.dk\/en\/wp-json\/wp\/v2\/pages"}],"about":[{"href":"https:\/\/www.artisten.dk\/en\/wp-json\/wp\/v2\/types\/page"}],"author":[{"embeddable":true,"href":"https:\/\/www.artisten.dk\/en\/wp-json\/wp\/v2\/users\/9"}],"replies":[{"embeddable":true,"href":"https:\/\/www.artisten.dk\/en\/wp-json\/wp\/v2\/comments?post=7631"}],"version-history":[{"count":3,"href":"https:\/\/www.artisten.dk\/en\/wp-json\/wp\/v2\/pages\/7631\/revisions"}],"predecessor-version":[{"id":7634,"href":"https:\/\/www.artisten.dk\/en\/wp-json\/wp\/v2\/pages\/7631\/revisions\/7634"}],"wp:attachment":[{"href":"https:\/\/www.artisten.dk\/en\/wp-json\/wp\/v2\/media?parent=7631"}],"curies":[{"name":"wp","href":"https:\/\/api.w.org\/{rel}","templated":true}]}}