{"id":8323,"date":"2025-10-15T11:26:37","date_gmt":"2025-10-15T09:26:37","guid":{"rendered":"https:\/\/www.artisten.dk\/?page_id=8323"},"modified":"2025-10-15T11:44:10","modified_gmt":"2025-10-15T09:44:10","slug":"applying-for-and-awarding-grants-for-projects","status":"publish","type":"page","link":"https:\/\/www.artisten.dk\/en\/soeg-tilskud\/ansoegning-og-uddeling-af-tilskud-til-projekter\/","title":{"rendered":"Applying and awarding grants for projects"},"content":{"rendered":"<p><strong>\u00a0<\/strong><\/p>\n<p><strong>The Danish Artist Association awards grants to projects via several annual pools<\/strong><\/p>\n<p>&nbsp;<\/p>\n<p><strong>Music and performing arts - pool for music and performing artists' projects. <\/strong><\/p>\n<p>Applications are reviewed by the allocation committee, which reads, listens and processes all applications. The current committee consists of Marianne Lewandowski, Markus Artved and Camille Jones.<\/p>\n<p><strong>\u00a0<\/strong><\/p>\n<p><strong>Events, concerts and events - pool for organisers, festivals and entrepreneurs. <\/strong><\/p>\n<p>The applications are processed by a committee under the Board of Directors.<\/p>\n<p><strong><br \/>\nDevelopment efforts - Pool for development, collaborations or mentorships <\/strong><\/p>\n<p>The applications are reviewed by a committee appointed by the association's board of directors.<\/p>\n<p>&nbsp;<\/p>\n<p>The grants are licence fees. The funds are earned by music performers via\u00a0<a href=\"https:\/\/gramex.dk\/\">Gramex<\/a>, a smaller part from the circus area via\u00a0<a href=\"https:\/\/www.copydan.dk\/\">Copydan<\/a>. In addition, the Danish Artist Association also distributes Kulturplus funds via the pools.<\/p>\n<p>&nbsp;<\/p>\n<p>See how it works\u00a0<a href=\"https:\/\/www.artisten.dk\/en\/nyheder-artikler\/soeg-grants-for-music-and-performing-arts-2\/\">Grants are sought\u00a0<\/a>\u00a0from the collective rights funds administered by Dansk Artist Forbund<\/p>","protected":false},"excerpt":{"rendered":"<p>\u00a0 Dansk Artist Forbund uddeler tilskud til projekter via flere \u00e5rlige puljer &nbsp; Musik og scenekunst \u2013 pulje til musik- og scenekunstneres projekter. Ans\u00f8gningerne behandles af fordelingsudvalget, som l\u00e6ser, lytter og behandler alle ans\u00f8gninger. Det aktuelle udvalg best\u00e5r af Marianne Lewandowski, Markus Artved og Camille Jones. \u00a0 Events, koncerter og arrangement \u2013 pulje til arrang\u00f8rer, [&hellip;]<\/p>\n","protected":false},"author":4,"featured_media":0,"parent":476,"menu_order":0,"comment_status":"closed","ping_status":"closed","template":"page-normal.php","meta":{"_acf_changed":false,"footnotes":""},"class_list":["post-8323","page","type-page","status-publish","hentry"],"acf":[],"yoast_head":"<!-- This site is optimized with the Yoast SEO plugin v27.1.1 - https:\/\/yoast.com\/product\/yoast-seo-wordpress\/ -->\n<title>Ans\u00f8gning og uddeling af tilskud til projekter - Dansk Artist Forbund<\/title>\n<meta name=\"robots\" content=\"index, follow, max-snippet:-1, max-image-preview:large, max-video-preview:-1\" \/>\n<link rel=\"canonical\" href=\"https:\/\/www.artisten.dk\/en\/soeg-subsidy\/applying-for-and-awarding-grants-for-projects\/\" \/>\n<meta property=\"og:locale\" content=\"en_GB\" \/>\n<meta property=\"og:type\" content=\"article\" \/>\n<meta property=\"og:title\" content=\"Ans\u00f8gning og uddeling af tilskud til projekter - Dansk Artist Forbund\" \/>\n<meta property=\"og:description\" content=\"\u00a0 Dansk Artist Forbund uddeler tilskud til projekter via flere \u00e5rlige puljer &nbsp; Musik og scenekunst \u2013 pulje til musik- og scenekunstneres projekter. Ans\u00f8gningerne behandles af fordelingsudvalget, som l\u00e6ser, lytter og behandler alle ans\u00f8gninger. Det aktuelle udvalg best\u00e5r af Marianne Lewandowski, Markus Artved og Camille Jones. \u00a0 Events, koncerter og arrangement \u2013 pulje til arrang\u00f8rer, [&hellip;]\" \/>\n<meta property=\"og:url\" content=\"https:\/\/www.artisten.dk\/en\/soeg-subsidy\/applying-for-and-awarding-grants-for-projects\/\" \/>\n<meta property=\"og:site_name\" content=\"Dansk Artist Forbund\" \/>\n<meta property=\"article:modified_time\" content=\"2025-10-15T09:44:10+00:00\" \/>\n<meta name=\"twitter:card\" content=\"summary_large_image\" \/>\n<meta name=\"twitter:label1\" content=\"Estimated reading time\" \/>\n\t<meta name=\"twitter:data1\" content=\"2 minutes\" \/>\n<script type=\"application\/ld+json\" class=\"yoast-schema-graph\">{\"@context\":\"https:\/\/schema.org\",\"@graph\":[{\"@type\":\"WebPage\",\"@id\":\"https:\/\/www.artisten.dk\/soeg-tilskud\/ansoegning-og-uddeling-af-tilskud-til-projekter\/\",\"url\":\"https:\/\/www.artisten.dk\/soeg-tilskud\/ansoegning-og-uddeling-af-tilskud-til-projekter\/\",\"name\":\"Ans\u00f8gning og uddeling af tilskud til projekter - Dansk Artist Forbund\",\"isPartOf\":{\"@id\":\"https:\/\/www.artisten.dk\/#website\"},\"datePublished\":\"2025-10-15T09:26:37+00:00\",\"dateModified\":\"2025-10-15T09:44:10+00:00\",\"breadcrumb\":{\"@id\":\"https:\/\/www.artisten.dk\/soeg-tilskud\/ansoegning-og-uddeling-af-tilskud-til-projekter\/#breadcrumb\"},\"inLanguage\":\"en-GB\",\"potentialAction\":[{\"@type\":\"ReadAction\",\"target\":[\"https:\/\/www.artisten.dk\/soeg-tilskud\/ansoegning-og-uddeling-af-tilskud-til-projekter\/\"]}]},{\"@type\":\"BreadcrumbList\",\"@id\":\"https:\/\/www.artisten.dk\/soeg-tilskud\/ansoegning-og-uddeling-af-tilskud-til-projekter\/#breadcrumb\",\"itemListElement\":[{\"@type\":\"ListItem\",\"position\":1,\"name\":\"S\u00f8g tilskud\",\"item\":\"https:\/\/www.artisten.dk\/soeg-tilskud\/\"},{\"@type\":\"ListItem\",\"position\":2,\"name\":\"Ans\u00f8gning og uddeling af tilskud til projekter\"}]},{\"@type\":\"WebSite\",\"@id\":\"https:\/\/www.artisten.dk\/#website\",\"url\":\"https:\/\/www.artisten.dk\/\",\"name\":\"Dansk Artist Forbund\",\"description\":\"\",\"publisher\":{\"@id\":\"https:\/\/www.artisten.dk\/#organization\"},\"potentialAction\":[{\"@type\":\"SearchAction\",\"target\":{\"@type\":\"EntryPoint\",\"urlTemplate\":\"https:\/\/www.artisten.dk\/?s={search_term_string}\"},\"query-input\":{\"@type\":\"PropertyValueSpecification\",\"valueRequired\":true,\"valueName\":\"search_term_string\"}}],\"inLanguage\":\"en-GB\"},{\"@type\":\"Organization\",\"@id\":\"https:\/\/www.artisten.dk\/#organization\",\"name\":\"Dansk Artist Forbund\",\"url\":\"https:\/\/www.artisten.dk\/\",\"logo\":{\"@type\":\"ImageObject\",\"inLanguage\":\"en-GB\",\"@id\":\"https:\/\/www.artisten.dk\/#\/schema\/logo\/image\/\",\"url\":\"https:\/\/daf.demo.supertusch.com\/wp-content\/uploads\/2023\/10\/NAVNETRAEK_FOOTER.jpg\",\"contentUrl\":\"https:\/\/daf.demo.supertusch.com\/wp-content\/uploads\/2023\/10\/NAVNETRAEK_FOOTER.jpg\",\"width\":148,\"height\":100,\"caption\":\"Dansk Artist Forbund\"},\"image\":{\"@id\":\"https:\/\/www.artisten.dk\/#\/schema\/logo\/image\/\"}}]}<\/script>\n<!-- \/ Yoast SEO plugin. -->","yoast_head_json":{"title":"Application and distribution of grants for projects - Dansk Artist Forbund","robots":{"index":"index","follow":"follow","max-snippet":"max-snippet:-1","max-image-preview":"max-image-preview:large","max-video-preview":"max-video-preview:-1"},"canonical":"https:\/\/www.artisten.dk\/en\/soeg-subsidy\/applying-for-and-awarding-grants-for-projects\/","og_locale":"en_GB","og_type":"article","og_title":"Ans\u00f8gning og uddeling af tilskud til projekter - Dansk Artist Forbund","og_description":"\u00a0 Dansk Artist Forbund uddeler tilskud til projekter via flere \u00e5rlige puljer &nbsp; Musik og scenekunst \u2013 pulje til musik- og scenekunstneres projekter. Ans\u00f8gningerne behandles af fordelingsudvalget, som l\u00e6ser, lytter og behandler alle ans\u00f8gninger. Det aktuelle udvalg best\u00e5r af Marianne Lewandowski, Markus Artved og Camille Jones. \u00a0 Events, koncerter og arrangement \u2013 pulje til arrang\u00f8rer, [&hellip;]","og_url":"https:\/\/www.artisten.dk\/en\/soeg-subsidy\/applying-for-and-awarding-grants-for-projects\/","og_site_name":"Dansk Artist Forbund","article_modified_time":"2025-10-15T09:44:10+00:00","twitter_card":"summary_large_image","twitter_misc":{"Estimated reading time":"2 minutes"},"schema":{"@context":"https:\/\/schema.org","@graph":[{"@type":"WebPage","@id":"https:\/\/www.artisten.dk\/soeg-tilskud\/ansoegning-og-uddeling-af-tilskud-til-projekter\/","url":"https:\/\/www.artisten.dk\/soeg-tilskud\/ansoegning-og-uddeling-af-tilskud-til-projekter\/","name":"Application and distribution of grants for projects - Dansk Artist Forbund","isPartOf":{"@id":"https:\/\/www.artisten.dk\/#website"},"datePublished":"2025-10-15T09:26:37+00:00","dateModified":"2025-10-15T09:44:10+00:00","breadcrumb":{"@id":"https:\/\/www.artisten.dk\/soeg-tilskud\/ansoegning-og-uddeling-af-tilskud-til-projekter\/#breadcrumb"},"inLanguage":"en-GB","potentialAction":[{"@type":"ReadAction","target":["https:\/\/www.artisten.dk\/soeg-tilskud\/ansoegning-og-uddeling-af-tilskud-til-projekter\/"]}]},{"@type":"BreadcrumbList","@id":"https:\/\/www.artisten.dk\/soeg-tilskud\/ansoegning-og-uddeling-af-tilskud-til-projekter\/#breadcrumb","itemListElement":[{"@type":"ListItem","position":1,"name":"S\u00f8g tilskud","item":"https:\/\/www.artisten.dk\/soeg-tilskud\/"},{"@type":"ListItem","position":2,"name":"Ans\u00f8gning og uddeling af tilskud til projekter"}]},{"@type":"WebSite","@id":"https:\/\/www.artisten.dk\/#website","url":"https:\/\/www.artisten.dk\/","name":"Danish Artist Association","description":"","publisher":{"@id":"https:\/\/www.artisten.dk\/#organization"},"potentialAction":[{"@type":"SearchAction","target":{"@type":"EntryPoint","urlTemplate":"https:\/\/www.artisten.dk\/?s={search_term_string}"},"query-input":{"@type":"PropertyValueSpecification","valueRequired":true,"valueName":"search_term_string"}}],"inLanguage":"en-GB"},{"@type":"Organization","@id":"https:\/\/www.artisten.dk\/#organization","name":"Danish Artist Association","url":"https:\/\/www.artisten.dk\/","logo":{"@type":"ImageObject","inLanguage":"en-GB","@id":"https:\/\/www.artisten.dk\/#\/schema\/logo\/image\/","url":"https:\/\/daf.demo.supertusch.com\/wp-content\/uploads\/2023\/10\/NAVNETRAEK_FOOTER.jpg","contentUrl":"https:\/\/daf.demo.supertusch.com\/wp-content\/uploads\/2023\/10\/NAVNETRAEK_FOOTER.jpg","width":148,"height":100,"caption":"Dansk Artist Forbund"},"image":{"@id":"https:\/\/www.artisten.dk\/#\/schema\/logo\/image\/"}}]}},"_links":{"self":[{"href":"https:\/\/www.artisten.dk\/en\/wp-json\/wp\/v2\/pages\/8323","targetHints":{"allow":["GET"]}}],"collection":[{"href":"https:\/\/www.artisten.dk\/en\/wp-json\/wp\/v2\/pages"}],"about":[{"href":"https:\/\/www.artisten.dk\/en\/wp-json\/wp\/v2\/types\/page"}],"author":[{"embeddable":true,"href":"https:\/\/www.artisten.dk\/en\/wp-json\/wp\/v2\/users\/4"}],"replies":[{"embeddable":true,"href":"https:\/\/www.artisten.dk\/en\/wp-json\/wp\/v2\/comments?post=8323"}],"version-history":[{"count":4,"href":"https:\/\/www.artisten.dk\/en\/wp-json\/wp\/v2\/pages\/8323\/revisions"}],"predecessor-version":[{"id":8336,"href":"https:\/\/www.artisten.dk\/en\/wp-json\/wp\/v2\/pages\/8323\/revisions\/8336"}],"up":[{"embeddable":true,"href":"https:\/\/www.artisten.dk\/en\/wp-json\/wp\/v2\/pages\/476"}],"wp:attachment":[{"href":"https:\/\/www.artisten.dk\/en\/wp-json\/wp\/v2\/media?parent=8323"}],"curies":[{"name":"wp","href":"https:\/\/api.w.org\/{rel}","templated":true}]}}