{"id":8773,"date":"2025-12-10T16:29:14","date_gmt":"2025-12-10T15:29:14","guid":{"rendered":"https:\/\/www.artisten.dk\/?page_id=8773"},"modified":"2025-12-11T10:31:15","modified_gmt":"2025-12-11T09:31:15","slug":"more-peace-and-community-come-and-buy-a-t-shirt-and-a-tote-bag","status":"publish","type":"page","link":"https:\/\/www.artisten.dk\/en\/mere-fred-og-faellesskab-kom-og-koeb-en-t-shirt-og-en-mulepose\/","title":{"rendered":"More peace and community - come and buy a t-shirt and a tote bag"},"content":{"rendered":"<p class=\"elementtoproof\"><img loading=\"lazy\" decoding=\"async\" class=\"alignnone size-medium wp-image-8774\" style=\"color: black; font-family: Arial, sans-serif; font-size: 11pt;\" src=\"https:\/\/www.artisten.dk\/wp-content\/uploads\/2025\/12\/Design-uden-navn-9-640x360.jpg\" alt=\"\" width=\"640\" height=\"360\" srcset=\"https:\/\/www.artisten.dk\/wp-content\/uploads\/2025\/12\/Design-uden-navn-9-640x360.jpg 640w, https:\/\/www.artisten.dk\/wp-content\/uploads\/2025\/12\/Design-uden-navn-9-768x432.jpg 768w, https:\/\/www.artisten.dk\/wp-content\/uploads\/2025\/12\/Design-uden-navn-9-18x10.jpg 18w, https:\/\/www.artisten.dk\/wp-content\/uploads\/2025\/12\/Design-uden-navn-9.jpg 1366w\" sizes=\"auto, (max-width: 640px) 100vw, 640px\" \/><\/p>\n<p>In Dansk Artist Forbund we want to end the year with a wish for more peace and community for us all. Therefore, in collaboration with the artist Pauline Drasb\u00e6k, we have created a special <strong>Artist for Peace <\/strong>t-shirt and tote bag.<\/p>\n<p><strong>As a member, you can get a t-shirt and\/or a tote bag by making a donation of DKK 150 or DKK 50 respectively. We will pass on your donation to Doctors Without Borders and their work in the world's hotspots.  Payment only via mobilepay<\/strong><\/p>\n<p>The T-shirt is made of deliciously thick and soft organic cotton. The model is extra loose fit and therefore large in size. The tote bag is made of organic cotton and holds most things. Both are a great Christmas gift idea!<\/p>\n<p><strong>On Thursday 18 December, we say Merry Christmas with a glass of mulled wine between 15:00 and 17:00 at Dansk Artist Forbund, where it is also possible to buy the shirt or tote bag to take home<\/strong><\/p>\n<p>You can also stop by between 10am and 2pm to buy - Monday to Friday until 19 December.<\/p>\n<p>Unfortunately, we are unable to ship, but you are welcome to have a friend pick up a shirt for you. The shirts are made in limited editions and we hand them out on a first come, first served basis.<\/p>\n<p>Many greetings,<\/p>\n<p>Danish Artist Association<\/p>","protected":false},"excerpt":{"rendered":"<p>I Dansk Artist Forbund vil vi gerne slutte \u00e5ret med et \u00f8nske om mere fred og f\u00e6llesskab for os alle. Derfor har vi i samarbejde med kunstneren Pauline Drasb\u00e6k lavet en s\u00e6rlig Artist for Peace t-shirt og mulepose. Du kan som medlem f\u00e5 en t-shirt og\/eller en mulepose ved at give en donation p\u00e5 henholdsvis [&hellip;]<\/p>\n","protected":false},"author":9,"featured_media":0,"parent":0,"menu_order":0,"comment_status":"closed","ping_status":"closed","template":"","meta":{"_acf_changed":false,"footnotes":""},"class_list":["post-8773","page","type-page","status-publish","hentry"],"acf":[],"yoast_head":"<!-- This site is optimized with the Yoast SEO plugin v27.1.1 - https:\/\/yoast.com\/product\/yoast-seo-wordpress\/ -->\n<title>Mere fred og f\u00e6llesskab - kom og k\u00f8b en t-shirt og en mulepose - Dansk Artist Forbund<\/title>\n<meta name=\"robots\" content=\"index, follow, max-snippet:-1, max-image-preview:large, max-video-preview:-1\" \/>\n<link rel=\"canonical\" href=\"https:\/\/www.artisten.dk\/en\/more-peace-and-community-come-and-buy-a-t-shirt-and-a-tote-bag\/\" \/>\n<meta property=\"og:locale\" content=\"en_GB\" \/>\n<meta property=\"og:type\" content=\"article\" \/>\n<meta property=\"og:title\" content=\"Mere fred og f\u00e6llesskab - kom og k\u00f8b en t-shirt og en mulepose - Dansk Artist Forbund\" \/>\n<meta property=\"og:description\" content=\"I Dansk Artist Forbund vil vi gerne slutte \u00e5ret med et \u00f8nske om mere fred og f\u00e6llesskab for os alle. Derfor har vi i samarbejde med kunstneren Pauline Drasb\u00e6k lavet en s\u00e6rlig Artist for Peace t-shirt og mulepose. Du kan som medlem f\u00e5 en t-shirt og\/eller en mulepose ved at give en donation p\u00e5 henholdsvis [&hellip;]\" \/>\n<meta property=\"og:url\" content=\"https:\/\/www.artisten.dk\/en\/more-peace-and-community-come-and-buy-a-t-shirt-and-a-tote-bag\/\" \/>\n<meta property=\"og:site_name\" content=\"Dansk Artist Forbund\" \/>\n<meta property=\"article:modified_time\" content=\"2025-12-11T09:31:15+00:00\" \/>\n<meta property=\"og:image\" content=\"https:\/\/www.artisten.dk\/wp-content\/uploads\/2025\/12\/Design-uden-navn-9.jpg\" \/>\n\t<meta property=\"og:image:width\" content=\"1366\" \/>\n\t<meta property=\"og:image:height\" content=\"768\" \/>\n\t<meta property=\"og:image:type\" content=\"image\/jpeg\" \/>\n<meta name=\"twitter:card\" content=\"summary_large_image\" \/>\n<meta name=\"twitter:label1\" content=\"Estimated reading time\" \/>\n\t<meta name=\"twitter:data1\" content=\"2 minutes\" \/>\n<script type=\"application\/ld+json\" class=\"yoast-schema-graph\">{\"@context\":\"https:\/\/schema.org\",\"@graph\":[{\"@type\":\"WebPage\",\"@id\":\"https:\/\/www.artisten.dk\/mere-fred-og-faellesskab-kom-og-koeb-en-t-shirt-og-en-mulepose\/\",\"url\":\"https:\/\/www.artisten.dk\/mere-fred-og-faellesskab-kom-og-koeb-en-t-shirt-og-en-mulepose\/\",\"name\":\"Mere fred og f\u00e6llesskab - kom og k\u00f8b en t-shirt og en mulepose - Dansk Artist Forbund\",\"isPartOf\":{\"@id\":\"https:\/\/www.artisten.dk\/#website\"},\"primaryImageOfPage\":{\"@id\":\"https:\/\/www.artisten.dk\/mere-fred-og-faellesskab-kom-og-koeb-en-t-shirt-og-en-mulepose\/#primaryimage\"},\"image\":{\"@id\":\"https:\/\/www.artisten.dk\/mere-fred-og-faellesskab-kom-og-koeb-en-t-shirt-og-en-mulepose\/#primaryimage\"},\"thumbnailUrl\":\"https:\/\/www.artisten.dk\/wp-content\/uploads\/2025\/12\/Design-uden-navn-9-640x360.jpg\",\"datePublished\":\"2025-12-10T15:29:14+00:00\",\"dateModified\":\"2025-12-11T09:31:15+00:00\",\"inLanguage\":\"en-GB\",\"potentialAction\":[{\"@type\":\"ReadAction\",\"target\":[\"https:\/\/www.artisten.dk\/mere-fred-og-faellesskab-kom-og-koeb-en-t-shirt-og-en-mulepose\/\"]}]},{\"@type\":\"ImageObject\",\"inLanguage\":\"en-GB\",\"@id\":\"https:\/\/www.artisten.dk\/mere-fred-og-faellesskab-kom-og-koeb-en-t-shirt-og-en-mulepose\/#primaryimage\",\"url\":\"https:\/\/www.artisten.dk\/wp-content\/uploads\/2025\/12\/Design-uden-navn-9-640x360.jpg\",\"contentUrl\":\"https:\/\/www.artisten.dk\/wp-content\/uploads\/2025\/12\/Design-uden-navn-9-640x360.jpg\"},{\"@type\":\"WebSite\",\"@id\":\"https:\/\/www.artisten.dk\/#website\",\"url\":\"https:\/\/www.artisten.dk\/\",\"name\":\"Dansk Artist Forbund\",\"description\":\"\",\"publisher\":{\"@id\":\"https:\/\/www.artisten.dk\/#organization\"},\"potentialAction\":[{\"@type\":\"SearchAction\",\"target\":{\"@type\":\"EntryPoint\",\"urlTemplate\":\"https:\/\/www.artisten.dk\/?s={search_term_string}\"},\"query-input\":{\"@type\":\"PropertyValueSpecification\",\"valueRequired\":true,\"valueName\":\"search_term_string\"}}],\"inLanguage\":\"en-GB\"},{\"@type\":\"Organization\",\"@id\":\"https:\/\/www.artisten.dk\/#organization\",\"name\":\"Dansk Artist Forbund\",\"url\":\"https:\/\/www.artisten.dk\/\",\"logo\":{\"@type\":\"ImageObject\",\"inLanguage\":\"en-GB\",\"@id\":\"https:\/\/www.artisten.dk\/#\/schema\/logo\/image\/\",\"url\":\"https:\/\/daf.demo.supertusch.com\/wp-content\/uploads\/2023\/10\/NAVNETRAEK_FOOTER.jpg\",\"contentUrl\":\"https:\/\/daf.demo.supertusch.com\/wp-content\/uploads\/2023\/10\/NAVNETRAEK_FOOTER.jpg\",\"width\":148,\"height\":100,\"caption\":\"Dansk Artist Forbund\"},\"image\":{\"@id\":\"https:\/\/www.artisten.dk\/#\/schema\/logo\/image\/\"}}]}<\/script>\n<!-- \/ Yoast SEO plugin. -->","yoast_head_json":{"title":"More peace and community - come and buy a t-shirt and a tote bag - Dansk Artist Forbund","robots":{"index":"index","follow":"follow","max-snippet":"max-snippet:-1","max-image-preview":"max-image-preview:large","max-video-preview":"max-video-preview:-1"},"canonical":"https:\/\/www.artisten.dk\/en\/more-peace-and-community-come-and-buy-a-t-shirt-and-a-tote-bag\/","og_locale":"en_GB","og_type":"article","og_title":"Mere fred og f\u00e6llesskab - kom og k\u00f8b en t-shirt og en mulepose - Dansk Artist Forbund","og_description":"I Dansk Artist Forbund vil vi gerne slutte \u00e5ret med et \u00f8nske om mere fred og f\u00e6llesskab for os alle. Derfor har vi i samarbejde med kunstneren Pauline Drasb\u00e6k lavet en s\u00e6rlig Artist for Peace t-shirt og mulepose. Du kan som medlem f\u00e5 en t-shirt og\/eller en mulepose ved at give en donation p\u00e5 henholdsvis [&hellip;]","og_url":"https:\/\/www.artisten.dk\/en\/more-peace-and-community-come-and-buy-a-t-shirt-and-a-tote-bag\/","og_site_name":"Dansk Artist Forbund","article_modified_time":"2025-12-11T09:31:15+00:00","og_image":[{"width":1366,"height":768,"url":"https:\/\/www.artisten.dk\/wp-content\/uploads\/2025\/12\/Design-uden-navn-9.jpg","type":"image\/jpeg"}],"twitter_card":"summary_large_image","twitter_misc":{"Estimated reading time":"2 minutes"},"schema":{"@context":"https:\/\/schema.org","@graph":[{"@type":"WebPage","@id":"https:\/\/www.artisten.dk\/mere-fred-og-faellesskab-kom-og-koeb-en-t-shirt-og-en-mulepose\/","url":"https:\/\/www.artisten.dk\/mere-fred-og-faellesskab-kom-og-koeb-en-t-shirt-og-en-mulepose\/","name":"More peace and community - come and buy a t-shirt and a tote bag - Dansk Artist Forbund","isPartOf":{"@id":"https:\/\/www.artisten.dk\/#website"},"primaryImageOfPage":{"@id":"https:\/\/www.artisten.dk\/mere-fred-og-faellesskab-kom-og-koeb-en-t-shirt-og-en-mulepose\/#primaryimage"},"image":{"@id":"https:\/\/www.artisten.dk\/mere-fred-og-faellesskab-kom-og-koeb-en-t-shirt-og-en-mulepose\/#primaryimage"},"thumbnailUrl":"https:\/\/www.artisten.dk\/wp-content\/uploads\/2025\/12\/Design-uden-navn-9-640x360.jpg","datePublished":"2025-12-10T15:29:14+00:00","dateModified":"2025-12-11T09:31:15+00:00","inLanguage":"en-GB","potentialAction":[{"@type":"ReadAction","target":["https:\/\/www.artisten.dk\/mere-fred-og-faellesskab-kom-og-koeb-en-t-shirt-og-en-mulepose\/"]}]},{"@type":"ImageObject","inLanguage":"en-GB","@id":"https:\/\/www.artisten.dk\/mere-fred-og-faellesskab-kom-og-koeb-en-t-shirt-og-en-mulepose\/#primaryimage","url":"https:\/\/www.artisten.dk\/wp-content\/uploads\/2025\/12\/Design-uden-navn-9-640x360.jpg","contentUrl":"https:\/\/www.artisten.dk\/wp-content\/uploads\/2025\/12\/Design-uden-navn-9-640x360.jpg"},{"@type":"WebSite","@id":"https:\/\/www.artisten.dk\/#website","url":"https:\/\/www.artisten.dk\/","name":"Danish Artist Association","description":"","publisher":{"@id":"https:\/\/www.artisten.dk\/#organization"},"potentialAction":[{"@type":"SearchAction","target":{"@type":"EntryPoint","urlTemplate":"https:\/\/www.artisten.dk\/?s={search_term_string}"},"query-input":{"@type":"PropertyValueSpecification","valueRequired":true,"valueName":"search_term_string"}}],"inLanguage":"en-GB"},{"@type":"Organization","@id":"https:\/\/www.artisten.dk\/#organization","name":"Danish Artist Association","url":"https:\/\/www.artisten.dk\/","logo":{"@type":"ImageObject","inLanguage":"en-GB","@id":"https:\/\/www.artisten.dk\/#\/schema\/logo\/image\/","url":"https:\/\/daf.demo.supertusch.com\/wp-content\/uploads\/2023\/10\/NAVNETRAEK_FOOTER.jpg","contentUrl":"https:\/\/daf.demo.supertusch.com\/wp-content\/uploads\/2023\/10\/NAVNETRAEK_FOOTER.jpg","width":148,"height":100,"caption":"Dansk Artist Forbund"},"image":{"@id":"https:\/\/www.artisten.dk\/#\/schema\/logo\/image\/"}}]}},"_links":{"self":[{"href":"https:\/\/www.artisten.dk\/en\/wp-json\/wp\/v2\/pages\/8773","targetHints":{"allow":["GET"]}}],"collection":[{"href":"https:\/\/www.artisten.dk\/en\/wp-json\/wp\/v2\/pages"}],"about":[{"href":"https:\/\/www.artisten.dk\/en\/wp-json\/wp\/v2\/types\/page"}],"author":[{"embeddable":true,"href":"https:\/\/www.artisten.dk\/en\/wp-json\/wp\/v2\/users\/9"}],"replies":[{"embeddable":true,"href":"https:\/\/www.artisten.dk\/en\/wp-json\/wp\/v2\/comments?post=8773"}],"version-history":[{"count":6,"href":"https:\/\/www.artisten.dk\/en\/wp-json\/wp\/v2\/pages\/8773\/revisions"}],"predecessor-version":[{"id":8868,"href":"https:\/\/www.artisten.dk\/en\/wp-json\/wp\/v2\/pages\/8773\/revisions\/8868"}],"wp:attachment":[{"href":"https:\/\/www.artisten.dk\/en\/wp-json\/wp\/v2\/media?parent=8773"}],"curies":[{"name":"wp","href":"https:\/\/api.w.org\/{rel}","templated":true}]}}