{"id":9494,"date":"2026-02-27T15:50:57","date_gmt":"2026-02-27T14:50:57","guid":{"rendered":"https:\/\/www.artisten.dk\/?page_id=9494"},"modified":"2026-02-27T15:50:57","modified_gmt":"2026-02-27T14:50:57","slug":"guide-to-good-collaboration-on-and-behind-the-scenes","status":"publish","type":"page","link":"https:\/\/www.artisten.dk\/en\/guide-til-et-godt-samarbejde-paa-og-bag-scenen\/","title":{"rendered":"Guide to good collaboration - on and behind the scenes"},"content":{"rendered":"<p><img loading=\"lazy\" decoding=\"async\" class=\"alignnone size-medium wp-image-7434\" src=\"https:\/\/www.artisten.dk\/wp-content\/uploads\/2025\/09\/ANNONCE_A4-3-fold_BEIGE-640x452.jpg\" alt=\"\" width=\"640\" height=\"452\" srcset=\"https:\/\/www.artisten.dk\/wp-content\/uploads\/2025\/09\/ANNONCE_A4-3-fold_BEIGE-640x452.jpg 640w, https:\/\/www.artisten.dk\/wp-content\/uploads\/2025\/09\/ANNONCE_A4-3-fold_BEIGE-1500x1060.jpg 1500w, https:\/\/www.artisten.dk\/wp-content\/uploads\/2025\/09\/ANNONCE_A4-3-fold_BEIGE-768x543.jpg 768w, https:\/\/www.artisten.dk\/wp-content\/uploads\/2025\/09\/ANNONCE_A4-3-fold_BEIGE-1536x1086.jpg 1536w, https:\/\/www.artisten.dk\/wp-content\/uploads\/2025\/09\/ANNONCE_A4-3-fold_BEIGE-2048x1448.jpg 2048w, https:\/\/www.artisten.dk\/wp-content\/uploads\/2025\/09\/ANNONCE_A4-3-fold_BEIGE-18x12.jpg 18w\" sizes=\"auto, (max-width: 640px) 100vw, 640px\" \/><\/p>\n<p>As a music or performing artist, what do you need to be aware of to help create a good working environment with clear agreements?<\/p>\n<p>A new collaboration guide puts the spotlight on this. The guide, developed by the Danish Artist Association in collaboration with members and the board, contains good advice and a concrete checklist.<\/p>\n<p>See the new collaboration guide\u00a0<a href=\"https:\/\/www.artisten.dk\/wp-content\/uploads\/2025\/08\/Guide-til-samarbejde_-FINAL.pdf\">here<\/a>.<\/p>\n<p>The guide can be used both between colleagues and with crew, agents, managers, producers, producers, labels and anyone else you get work from or give work to.<\/p>\n<p><strong>Clarity leads to more well-being<\/strong><\/p>\n<p>Even if you're friends on stage, in the studio or in the rehearsal room, challenges, conflicts or dilemmas can arise. It can also be that it's sometimes harder to talk about differences precisely because you're also friends.<\/p>\n<p>The guide aims to prevent where possible and help everyone take a shared responsibility for creating a good and safe working environment - even when something unfortunately goes wrong and an appointment, concert, performance or session has to be cancelled.<\/p>\n<p>\"Many of us didn't get a handbook when we entered the industry, so our industries are characterised by unwritten rules and experience-based knowledge - both good and bad. In recent years, we've increasingly realised that good work in the music industry is also about well-being and the working environment. You can't always write your way out of it legally, so we want to provide some very basic tools for those of us who operate in a complicated and complex working life,\" says chairperson Sara Indrio.<\/p>\n<p><strong>Roles and responsibilities<\/strong><\/p>\n<p>In some situations, it can be difficult to know what role - and therefore responsibilities and rights - you and others have in the project. The guide can be used both if you work for others or if you give work to others and thus have responsibilities similar to an employer.<\/p>\n<p>The guide does not replace a concrete agreement, but can help you talk about important parts of a collaboration.<\/p>\n<p>See the new collaboration guide\u00a0<a href=\"https:\/\/www.artisten.dk\/wp-content\/uploads\/2025\/08\/Guide-til-samarbejde_-FINAL.pdf\">here<\/a>.<\/p>\n<p>Are you facing challenges in your current work environment? Then contact the Danish Artist Union\u00a0<a href=\"https:\/\/www.artisten.dk\/en\/contracts-and-agreements\/\">Counselling.<\/a><\/p>\n<p><img loading=\"lazy\" decoding=\"async\" class=\"alignnone size-medium wp-image-7317\" src=\"https:\/\/www.artisten.dk\/wp-content\/uploads\/2025\/08\/Skaermbillede_29-8-2025_153946_-e1756733835735-640x477.jpeg\" alt=\"\" width=\"640\" height=\"477\" srcset=\"https:\/\/www.artisten.dk\/wp-content\/uploads\/2025\/08\/Skaermbillede_29-8-2025_153946_-e1756733835735-640x477.jpeg 640w, https:\/\/www.artisten.dk\/wp-content\/uploads\/2025\/08\/Skaermbillede_29-8-2025_153946_-e1756733835735-768x573.jpeg 768w, https:\/\/www.artisten.dk\/wp-content\/uploads\/2025\/08\/Skaermbillede_29-8-2025_153946_-e1756733835735-16x12.jpeg 16w, https:\/\/www.artisten.dk\/wp-content\/uploads\/2025\/08\/Skaermbillede_29-8-2025_153946_-e1756733835735.jpeg 932w\" sizes=\"auto, (max-width: 640px) 100vw, 640px\" \/><br \/>\nThe checklist is part of the Danish Artist Association's new guide that can lay the foundation for good collaboration. Photo: Excerpt from the guide.<\/p>","protected":false},"excerpt":{"rendered":"<p>Hvad skal man som musik- eller scenekunstner v\u00e6re opm\u00e6rksom p\u00e5 for at v\u00e6re med til at skabe et godt arbejdsmilj\u00f8 med klare aftaler? Det s\u00e6tter en ny samarbejdsguide spot p\u00e5. Guiden, der er udarbejdet af Dansk Artist Forbund i samarbejde med medlemmer og bestyrelse, indeholder gode r\u00e5d og en konkret tjekliste. Se den nye samarbejdsguide\u00a0her. [&hellip;]<\/p>\n","protected":false},"author":9,"featured_media":0,"parent":0,"menu_order":0,"comment_status":"closed","ping_status":"closed","template":"","meta":{"_acf_changed":false,"footnotes":""},"class_list":["post-9494","page","type-page","status-publish","hentry"],"acf":[],"yoast_head":"<!-- This site is optimized with the Yoast SEO plugin v27.1.1 - https:\/\/yoast.com\/product\/yoast-seo-wordpress\/ -->\n<title>Guide til et godt samarbejde \u2013 p\u00e5 og bag scenen - Dansk Artist Forbund<\/title>\n<meta name=\"robots\" content=\"index, follow, max-snippet:-1, max-image-preview:large, max-video-preview:-1\" \/>\n<link rel=\"canonical\" href=\"https:\/\/www.artisten.dk\/en\/guide-to-good-collaboration-on-and-behind-the-scenes\/\" \/>\n<meta property=\"og:locale\" content=\"en_GB\" \/>\n<meta property=\"og:type\" content=\"article\" \/>\n<meta property=\"og:title\" content=\"Guide til et godt samarbejde \u2013 p\u00e5 og bag scenen - Dansk Artist Forbund\" \/>\n<meta property=\"og:description\" content=\"Hvad skal man som musik- eller scenekunstner v\u00e6re opm\u00e6rksom p\u00e5 for at v\u00e6re med til at skabe et godt arbejdsmilj\u00f8 med klare aftaler? Det s\u00e6tter en ny samarbejdsguide spot p\u00e5. Guiden, der er udarbejdet af Dansk Artist Forbund i samarbejde med medlemmer og bestyrelse, indeholder gode r\u00e5d og en konkret tjekliste. Se den nye samarbejdsguide\u00a0her. [&hellip;]\" \/>\n<meta property=\"og:url\" content=\"https:\/\/www.artisten.dk\/en\/guide-to-good-collaboration-on-and-behind-the-scenes\/\" \/>\n<meta property=\"og:site_name\" content=\"Dansk Artist Forbund\" \/>\n<meta property=\"og:image\" content=\"https:\/\/www.artisten.dk\/wp-content\/uploads\/2025\/09\/ANNONCE_A4-3-fold_BEIGE-scaled.jpg\" \/>\n\t<meta property=\"og:image:width\" content=\"2560\" \/>\n\t<meta property=\"og:image:height\" content=\"1810\" \/>\n\t<meta property=\"og:image:type\" content=\"image\/jpeg\" \/>\n<meta name=\"twitter:card\" content=\"summary_large_image\" \/>\n<meta name=\"twitter:label1\" content=\"Estimated reading time\" \/>\n\t<meta name=\"twitter:data1\" content=\"2 minutes\" \/>\n<script type=\"application\/ld+json\" class=\"yoast-schema-graph\">{\"@context\":\"https:\/\/schema.org\",\"@graph\":[{\"@type\":\"WebPage\",\"@id\":\"https:\/\/www.artisten.dk\/guide-til-et-godt-samarbejde-paa-og-bag-scenen\/\",\"url\":\"https:\/\/www.artisten.dk\/guide-til-et-godt-samarbejde-paa-og-bag-scenen\/\",\"name\":\"Guide til et godt samarbejde \u2013 p\u00e5 og bag scenen - Dansk Artist Forbund\",\"isPartOf\":{\"@id\":\"https:\/\/www.artisten.dk\/#website\"},\"primaryImageOfPage\":{\"@id\":\"https:\/\/www.artisten.dk\/guide-til-et-godt-samarbejde-paa-og-bag-scenen\/#primaryimage\"},\"image\":{\"@id\":\"https:\/\/www.artisten.dk\/guide-til-et-godt-samarbejde-paa-og-bag-scenen\/#primaryimage\"},\"thumbnailUrl\":\"https:\/\/www.artisten.dk\/wp-content\/uploads\/2025\/09\/ANNONCE_A4-3-fold_BEIGE-640x452.jpg\",\"datePublished\":\"2026-02-27T14:50:57+00:00\",\"inLanguage\":\"en-GB\",\"potentialAction\":[{\"@type\":\"ReadAction\",\"target\":[\"https:\/\/www.artisten.dk\/guide-til-et-godt-samarbejde-paa-og-bag-scenen\/\"]}]},{\"@type\":\"ImageObject\",\"inLanguage\":\"en-GB\",\"@id\":\"https:\/\/www.artisten.dk\/guide-til-et-godt-samarbejde-paa-og-bag-scenen\/#primaryimage\",\"url\":\"https:\/\/www.artisten.dk\/wp-content\/uploads\/2025\/09\/ANNONCE_A4-3-fold_BEIGE-640x452.jpg\",\"contentUrl\":\"https:\/\/www.artisten.dk\/wp-content\/uploads\/2025\/09\/ANNONCE_A4-3-fold_BEIGE-640x452.jpg\"},{\"@type\":\"WebSite\",\"@id\":\"https:\/\/www.artisten.dk\/#website\",\"url\":\"https:\/\/www.artisten.dk\/\",\"name\":\"Dansk Artist Forbund\",\"description\":\"\",\"publisher\":{\"@id\":\"https:\/\/www.artisten.dk\/#organization\"},\"potentialAction\":[{\"@type\":\"SearchAction\",\"target\":{\"@type\":\"EntryPoint\",\"urlTemplate\":\"https:\/\/www.artisten.dk\/?s={search_term_string}\"},\"query-input\":{\"@type\":\"PropertyValueSpecification\",\"valueRequired\":true,\"valueName\":\"search_term_string\"}}],\"inLanguage\":\"en-GB\"},{\"@type\":\"Organization\",\"@id\":\"https:\/\/www.artisten.dk\/#organization\",\"name\":\"Dansk Artist Forbund\",\"url\":\"https:\/\/www.artisten.dk\/\",\"logo\":{\"@type\":\"ImageObject\",\"inLanguage\":\"en-GB\",\"@id\":\"https:\/\/www.artisten.dk\/#\/schema\/logo\/image\/\",\"url\":\"https:\/\/daf.demo.supertusch.com\/wp-content\/uploads\/2023\/10\/NAVNETRAEK_FOOTER.jpg\",\"contentUrl\":\"https:\/\/daf.demo.supertusch.com\/wp-content\/uploads\/2023\/10\/NAVNETRAEK_FOOTER.jpg\",\"width\":148,\"height\":100,\"caption\":\"Dansk Artist Forbund\"},\"image\":{\"@id\":\"https:\/\/www.artisten.dk\/#\/schema\/logo\/image\/\"}}]}<\/script>\n<!-- \/ Yoast SEO plugin. -->","yoast_head_json":{"title":"Guide to good collaboration - on and behind the scenes - Dansk Artist Forbund","robots":{"index":"index","follow":"follow","max-snippet":"max-snippet:-1","max-image-preview":"max-image-preview:large","max-video-preview":"max-video-preview:-1"},"canonical":"https:\/\/www.artisten.dk\/en\/guide-to-good-collaboration-on-and-behind-the-scenes\/","og_locale":"en_GB","og_type":"article","og_title":"Guide til et godt samarbejde \u2013 p\u00e5 og bag scenen - Dansk Artist Forbund","og_description":"Hvad skal man som musik- eller scenekunstner v\u00e6re opm\u00e6rksom p\u00e5 for at v\u00e6re med til at skabe et godt arbejdsmilj\u00f8 med klare aftaler? Det s\u00e6tter en ny samarbejdsguide spot p\u00e5. Guiden, der er udarbejdet af Dansk Artist Forbund i samarbejde med medlemmer og bestyrelse, indeholder gode r\u00e5d og en konkret tjekliste. Se den nye samarbejdsguide\u00a0her. [&hellip;]","og_url":"https:\/\/www.artisten.dk\/en\/guide-to-good-collaboration-on-and-behind-the-scenes\/","og_site_name":"Dansk Artist Forbund","og_image":[{"width":2560,"height":1810,"url":"https:\/\/www.artisten.dk\/wp-content\/uploads\/2025\/09\/ANNONCE_A4-3-fold_BEIGE-scaled.jpg","type":"image\/jpeg"}],"twitter_card":"summary_large_image","twitter_misc":{"Estimated reading time":"2 minutes"},"schema":{"@context":"https:\/\/schema.org","@graph":[{"@type":"WebPage","@id":"https:\/\/www.artisten.dk\/guide-til-et-godt-samarbejde-paa-og-bag-scenen\/","url":"https:\/\/www.artisten.dk\/guide-til-et-godt-samarbejde-paa-og-bag-scenen\/","name":"Guide to good collaboration - on and behind the scenes - Dansk Artist Forbund","isPartOf":{"@id":"https:\/\/www.artisten.dk\/#website"},"primaryImageOfPage":{"@id":"https:\/\/www.artisten.dk\/guide-til-et-godt-samarbejde-paa-og-bag-scenen\/#primaryimage"},"image":{"@id":"https:\/\/www.artisten.dk\/guide-til-et-godt-samarbejde-paa-og-bag-scenen\/#primaryimage"},"thumbnailUrl":"https:\/\/www.artisten.dk\/wp-content\/uploads\/2025\/09\/ANNONCE_A4-3-fold_BEIGE-640x452.jpg","datePublished":"2026-02-27T14:50:57+00:00","inLanguage":"en-GB","potentialAction":[{"@type":"ReadAction","target":["https:\/\/www.artisten.dk\/guide-til-et-godt-samarbejde-paa-og-bag-scenen\/"]}]},{"@type":"ImageObject","inLanguage":"en-GB","@id":"https:\/\/www.artisten.dk\/guide-til-et-godt-samarbejde-paa-og-bag-scenen\/#primaryimage","url":"https:\/\/www.artisten.dk\/wp-content\/uploads\/2025\/09\/ANNONCE_A4-3-fold_BEIGE-640x452.jpg","contentUrl":"https:\/\/www.artisten.dk\/wp-content\/uploads\/2025\/09\/ANNONCE_A4-3-fold_BEIGE-640x452.jpg"},{"@type":"WebSite","@id":"https:\/\/www.artisten.dk\/#website","url":"https:\/\/www.artisten.dk\/","name":"Danish Artist Association","description":"","publisher":{"@id":"https:\/\/www.artisten.dk\/#organization"},"potentialAction":[{"@type":"SearchAction","target":{"@type":"EntryPoint","urlTemplate":"https:\/\/www.artisten.dk\/?s={search_term_string}"},"query-input":{"@type":"PropertyValueSpecification","valueRequired":true,"valueName":"search_term_string"}}],"inLanguage":"en-GB"},{"@type":"Organization","@id":"https:\/\/www.artisten.dk\/#organization","name":"Danish Artist Association","url":"https:\/\/www.artisten.dk\/","logo":{"@type":"ImageObject","inLanguage":"en-GB","@id":"https:\/\/www.artisten.dk\/#\/schema\/logo\/image\/","url":"https:\/\/daf.demo.supertusch.com\/wp-content\/uploads\/2023\/10\/NAVNETRAEK_FOOTER.jpg","contentUrl":"https:\/\/daf.demo.supertusch.com\/wp-content\/uploads\/2023\/10\/NAVNETRAEK_FOOTER.jpg","width":148,"height":100,"caption":"Dansk Artist Forbund"},"image":{"@id":"https:\/\/www.artisten.dk\/#\/schema\/logo\/image\/"}}]}},"_links":{"self":[{"href":"https:\/\/www.artisten.dk\/en\/wp-json\/wp\/v2\/pages\/9494","targetHints":{"allow":["GET"]}}],"collection":[{"href":"https:\/\/www.artisten.dk\/en\/wp-json\/wp\/v2\/pages"}],"about":[{"href":"https:\/\/www.artisten.dk\/en\/wp-json\/wp\/v2\/types\/page"}],"author":[{"embeddable":true,"href":"https:\/\/www.artisten.dk\/en\/wp-json\/wp\/v2\/users\/9"}],"replies":[{"embeddable":true,"href":"https:\/\/www.artisten.dk\/en\/wp-json\/wp\/v2\/comments?post=9494"}],"version-history":[{"count":1,"href":"https:\/\/www.artisten.dk\/en\/wp-json\/wp\/v2\/pages\/9494\/revisions"}],"predecessor-version":[{"id":9498,"href":"https:\/\/www.artisten.dk\/en\/wp-json\/wp\/v2\/pages\/9494\/revisions\/9498"}],"wp:attachment":[{"href":"https:\/\/www.artisten.dk\/en\/wp-json\/wp\/v2\/media?parent=9494"}],"curies":[{"name":"wp","href":"https:\/\/api.w.org\/{rel}","templated":true}]}}