{"id":9592,"date":"2026-03-23T09:49:37","date_gmt":"2026-03-23T08:49:37","guid":{"rendered":"https:\/\/www.artisten.dk\/?page_id=9592"},"modified":"2026-03-23T10:11:48","modified_gmt":"2026-03-23T09:11:48","slug":"visit-the-workers-museum-for-free","status":"publish","type":"page","link":"https:\/\/www.artisten.dk\/en\/kom-gratis-paa-arbejdermuseet\/","title":{"rendered":"Free admission to the Workers' Museum"},"content":{"rendered":"<p><img loading=\"lazy\" decoding=\"async\" class=\"alignnone size-medium wp-image-9593\" src=\"https:\/\/www.artisten.dk\/wp-content\/uploads\/2026\/03\/Festsal-Foto-MaltheIvarsson-640x427.jpg\" alt=\"\" width=\"640\" height=\"427\" srcset=\"https:\/\/www.artisten.dk\/wp-content\/uploads\/2026\/03\/Festsal-Foto-MaltheIvarsson-640x427.jpg 640w, https:\/\/www.artisten.dk\/wp-content\/uploads\/2026\/03\/Festsal-Foto-MaltheIvarsson-1500x1000.jpg 1500w, https:\/\/www.artisten.dk\/wp-content\/uploads\/2026\/03\/Festsal-Foto-MaltheIvarsson-768x512.jpg 768w, https:\/\/www.artisten.dk\/wp-content\/uploads\/2026\/03\/Festsal-Foto-MaltheIvarsson-1536x1024.jpg 1536w, https:\/\/www.artisten.dk\/wp-content\/uploads\/2026\/03\/Festsal-Foto-MaltheIvarsson-18x12.jpg 18w, https:\/\/www.artisten.dk\/wp-content\/uploads\/2026\/03\/Festsal-Foto-MaltheIvarsson.jpg 2048w\" sizes=\"auto, (max-width: 640px) 100vw, 640px\" \/><\/p>\n<p><strong>Gain free access to the museum and experience fantastic exhibitions, gaining insight into the lives of workers through the ages and the history of the trade union movement.<\/strong><\/p>\n<p>As a member, in addition to free entry, you will receive the following benefits:<\/p>\n<p>\u2013 Free entry to the Workers' Museum for themselves + 1 optional adult guest per visit<br \/>\n(Children always have free admission)<\/p>\n<p>\u2013 10% rabat i kaffebaren<\/p>\n<p>\u2013 10% rabat i museumsbutikken<\/p>\n<p>Membership documentation can be provided by presenting the PLUS card, which members have access to. Read more <a href=\"https:\/\/www.artisten.dk\/en\/membership-benefits\/medlemsrabatter\/pluskort\/\">here<\/a>.<\/p>\n<p>Find current exhibitions at the Workers Museum and opening hours. <a href=\"https:\/\/arbejdermuseet.dk\/\">here<\/a>.<\/p>","protected":false},"excerpt":{"rendered":"<p>F\u00e5 gratis adgang til museet og oplev fantastiske udstillinger og f\u00e5 indblik i arbejdernes liv gennem tiden og fagbev\u00e6gelsens historie. Som medlem f\u00e5r du udover gratis adgang f\u00f8lgende fordele: &#8211; Gratis adgang til Arbejdermuseet for dem selv + 1 valgfri voksen g\u00e6st pr. bes\u00f8g (Der er altid gratis adgang for b\u00f8rn) &#8211; 10% rabat i [&hellip;]<\/p>\n","protected":false},"author":9,"featured_media":0,"parent":0,"menu_order":0,"comment_status":"closed","ping_status":"closed","template":"","meta":{"_acf_changed":false,"footnotes":""},"class_list":["post-9592","page","type-page","status-publish","hentry"],"acf":[],"yoast_head":"<!-- This site is optimized with the Yoast SEO plugin v27.1.1 - https:\/\/yoast.com\/product\/yoast-seo-wordpress\/ -->\n<title>Kom gratis p\u00e5 Arbejdermuseet - Dansk Artist Forbund<\/title>\n<meta name=\"robots\" content=\"index, follow, max-snippet:-1, max-image-preview:large, max-video-preview:-1\" \/>\n<link rel=\"canonical\" href=\"https:\/\/www.artisten.dk\/en\/visit-the-workers-museum-for-free\/\" \/>\n<meta property=\"og:locale\" content=\"en_GB\" \/>\n<meta property=\"og:type\" content=\"article\" \/>\n<meta property=\"og:title\" content=\"Kom gratis p\u00e5 Arbejdermuseet - Dansk Artist Forbund\" \/>\n<meta property=\"og:description\" content=\"F\u00e5 gratis adgang til museet og oplev fantastiske udstillinger og f\u00e5 indblik i arbejdernes liv gennem tiden og fagbev\u00e6gelsens historie. Som medlem f\u00e5r du udover gratis adgang f\u00f8lgende fordele: &#8211; Gratis adgang til Arbejdermuseet for dem selv + 1 valgfri voksen g\u00e6st pr. bes\u00f8g (Der er altid gratis adgang for b\u00f8rn) &#8211; 10% rabat i [&hellip;]\" \/>\n<meta property=\"og:url\" content=\"https:\/\/www.artisten.dk\/en\/visit-the-workers-museum-for-free\/\" \/>\n<meta property=\"og:site_name\" content=\"Dansk Artist Forbund\" \/>\n<meta property=\"article:modified_time\" content=\"2026-03-23T09:11:48+00:00\" \/>\n<meta property=\"og:image\" content=\"https:\/\/www.artisten.dk\/wp-content\/uploads\/2026\/03\/Festsal-Foto-MaltheIvarsson-1500x1000.jpg\" \/>\n\t<meta property=\"og:image:width\" content=\"1500\" \/>\n\t<meta property=\"og:image:height\" content=\"1000\" \/>\n\t<meta property=\"og:image:type\" content=\"image\/jpeg\" \/>\n<meta name=\"twitter:card\" content=\"summary_large_image\" \/>\n<meta name=\"twitter:label1\" content=\"Estimated reading time\" \/>\n\t<meta name=\"twitter:data1\" content=\"1 minute\" \/>\n<script type=\"application\/ld+json\" class=\"yoast-schema-graph\">{\"@context\":\"https:\/\/schema.org\",\"@graph\":[{\"@type\":\"WebPage\",\"@id\":\"https:\/\/www.artisten.dk\/kom-gratis-paa-arbejdermuseet\/\",\"url\":\"https:\/\/www.artisten.dk\/kom-gratis-paa-arbejdermuseet\/\",\"name\":\"Kom gratis p\u00e5 Arbejdermuseet - Dansk Artist Forbund\",\"isPartOf\":{\"@id\":\"https:\/\/www.artisten.dk\/#website\"},\"primaryImageOfPage\":{\"@id\":\"https:\/\/www.artisten.dk\/kom-gratis-paa-arbejdermuseet\/#primaryimage\"},\"image\":{\"@id\":\"https:\/\/www.artisten.dk\/kom-gratis-paa-arbejdermuseet\/#primaryimage\"},\"thumbnailUrl\":\"https:\/\/www.artisten.dk\/wp-content\/uploads\/2026\/03\/Festsal-Foto-MaltheIvarsson-640x427.jpg\",\"datePublished\":\"2026-03-23T08:49:37+00:00\",\"dateModified\":\"2026-03-23T09:11:48+00:00\",\"inLanguage\":\"en-GB\",\"potentialAction\":[{\"@type\":\"ReadAction\",\"target\":[\"https:\/\/www.artisten.dk\/kom-gratis-paa-arbejdermuseet\/\"]}]},{\"@type\":\"ImageObject\",\"inLanguage\":\"en-GB\",\"@id\":\"https:\/\/www.artisten.dk\/kom-gratis-paa-arbejdermuseet\/#primaryimage\",\"url\":\"https:\/\/www.artisten.dk\/wp-content\/uploads\/2026\/03\/Festsal-Foto-MaltheIvarsson-640x427.jpg\",\"contentUrl\":\"https:\/\/www.artisten.dk\/wp-content\/uploads\/2026\/03\/Festsal-Foto-MaltheIvarsson-640x427.jpg\"},{\"@type\":\"WebSite\",\"@id\":\"https:\/\/www.artisten.dk\/#website\",\"url\":\"https:\/\/www.artisten.dk\/\",\"name\":\"Dansk Artist Forbund\",\"description\":\"\",\"publisher\":{\"@id\":\"https:\/\/www.artisten.dk\/#organization\"},\"potentialAction\":[{\"@type\":\"SearchAction\",\"target\":{\"@type\":\"EntryPoint\",\"urlTemplate\":\"https:\/\/www.artisten.dk\/?s={search_term_string}\"},\"query-input\":{\"@type\":\"PropertyValueSpecification\",\"valueRequired\":true,\"valueName\":\"search_term_string\"}}],\"inLanguage\":\"en-GB\"},{\"@type\":\"Organization\",\"@id\":\"https:\/\/www.artisten.dk\/#organization\",\"name\":\"Dansk Artist Forbund\",\"url\":\"https:\/\/www.artisten.dk\/\",\"logo\":{\"@type\":\"ImageObject\",\"inLanguage\":\"en-GB\",\"@id\":\"https:\/\/www.artisten.dk\/#\/schema\/logo\/image\/\",\"url\":\"https:\/\/daf.demo.supertusch.com\/wp-content\/uploads\/2023\/10\/NAVNETRAEK_FOOTER.jpg\",\"contentUrl\":\"https:\/\/daf.demo.supertusch.com\/wp-content\/uploads\/2023\/10\/NAVNETRAEK_FOOTER.jpg\",\"width\":148,\"height\":100,\"caption\":\"Dansk Artist Forbund\"},\"image\":{\"@id\":\"https:\/\/www.artisten.dk\/#\/schema\/logo\/image\/\"}}]}<\/script>\n<!-- \/ Yoast SEO plugin. -->","yoast_head_json":{"title":"Free admission to the Workers Museum - Danish Actors' Association","robots":{"index":"index","follow":"follow","max-snippet":"max-snippet:-1","max-image-preview":"max-image-preview:large","max-video-preview":"max-video-preview:-1"},"canonical":"https:\/\/www.artisten.dk\/en\/visit-the-workers-museum-for-free\/","og_locale":"en_GB","og_type":"article","og_title":"Kom gratis p\u00e5 Arbejdermuseet - Dansk Artist Forbund","og_description":"F\u00e5 gratis adgang til museet og oplev fantastiske udstillinger og f\u00e5 indblik i arbejdernes liv gennem tiden og fagbev\u00e6gelsens historie. Som medlem f\u00e5r du udover gratis adgang f\u00f8lgende fordele: &#8211; Gratis adgang til Arbejdermuseet for dem selv + 1 valgfri voksen g\u00e6st pr. bes\u00f8g (Der er altid gratis adgang for b\u00f8rn) &#8211; 10% rabat i [&hellip;]","og_url":"https:\/\/www.artisten.dk\/en\/visit-the-workers-museum-for-free\/","og_site_name":"Dansk Artist Forbund","article_modified_time":"2026-03-23T09:11:48+00:00","og_image":[{"width":1500,"height":1000,"url":"https:\/\/www.artisten.dk\/wp-content\/uploads\/2026\/03\/Festsal-Foto-MaltheIvarsson-1500x1000.jpg","type":"image\/jpeg"}],"twitter_card":"summary_large_image","twitter_misc":{"Estimated reading time":"1 minute"},"schema":{"@context":"https:\/\/schema.org","@graph":[{"@type":"WebPage","@id":"https:\/\/www.artisten.dk\/kom-gratis-paa-arbejdermuseet\/","url":"https:\/\/www.artisten.dk\/kom-gratis-paa-arbejdermuseet\/","name":"Free admission to the Workers Museum - Danish Actors' Association","isPartOf":{"@id":"https:\/\/www.artisten.dk\/#website"},"primaryImageOfPage":{"@id":"https:\/\/www.artisten.dk\/kom-gratis-paa-arbejdermuseet\/#primaryimage"},"image":{"@id":"https:\/\/www.artisten.dk\/kom-gratis-paa-arbejdermuseet\/#primaryimage"},"thumbnailUrl":"https:\/\/www.artisten.dk\/wp-content\/uploads\/2026\/03\/Festsal-Foto-MaltheIvarsson-640x427.jpg","datePublished":"2026-03-23T08:49:37+00:00","dateModified":"2026-03-23T09:11:48+00:00","inLanguage":"en-GB","potentialAction":[{"@type":"ReadAction","target":["https:\/\/www.artisten.dk\/kom-gratis-paa-arbejdermuseet\/"]}]},{"@type":"ImageObject","inLanguage":"en-GB","@id":"https:\/\/www.artisten.dk\/kom-gratis-paa-arbejdermuseet\/#primaryimage","url":"https:\/\/www.artisten.dk\/wp-content\/uploads\/2026\/03\/Festsal-Foto-MaltheIvarsson-640x427.jpg","contentUrl":"https:\/\/www.artisten.dk\/wp-content\/uploads\/2026\/03\/Festsal-Foto-MaltheIvarsson-640x427.jpg"},{"@type":"WebSite","@id":"https:\/\/www.artisten.dk\/#website","url":"https:\/\/www.artisten.dk\/","name":"Danish Artist Association","description":"","publisher":{"@id":"https:\/\/www.artisten.dk\/#organization"},"potentialAction":[{"@type":"SearchAction","target":{"@type":"EntryPoint","urlTemplate":"https:\/\/www.artisten.dk\/?s={search_term_string}"},"query-input":{"@type":"PropertyValueSpecification","valueRequired":true,"valueName":"search_term_string"}}],"inLanguage":"en-GB"},{"@type":"Organization","@id":"https:\/\/www.artisten.dk\/#organization","name":"Danish Artist Association","url":"https:\/\/www.artisten.dk\/","logo":{"@type":"ImageObject","inLanguage":"en-GB","@id":"https:\/\/www.artisten.dk\/#\/schema\/logo\/image\/","url":"https:\/\/daf.demo.supertusch.com\/wp-content\/uploads\/2023\/10\/NAVNETRAEK_FOOTER.jpg","contentUrl":"https:\/\/daf.demo.supertusch.com\/wp-content\/uploads\/2023\/10\/NAVNETRAEK_FOOTER.jpg","width":148,"height":100,"caption":"Dansk Artist Forbund"},"image":{"@id":"https:\/\/www.artisten.dk\/#\/schema\/logo\/image\/"}}]}},"_links":{"self":[{"href":"https:\/\/www.artisten.dk\/en\/wp-json\/wp\/v2\/pages\/9592","targetHints":{"allow":["GET"]}}],"collection":[{"href":"https:\/\/www.artisten.dk\/en\/wp-json\/wp\/v2\/pages"}],"about":[{"href":"https:\/\/www.artisten.dk\/en\/wp-json\/wp\/v2\/types\/page"}],"author":[{"embeddable":true,"href":"https:\/\/www.artisten.dk\/en\/wp-json\/wp\/v2\/users\/9"}],"replies":[{"embeddable":true,"href":"https:\/\/www.artisten.dk\/en\/wp-json\/wp\/v2\/comments?post=9592"}],"version-history":[{"count":5,"href":"https:\/\/www.artisten.dk\/en\/wp-json\/wp\/v2\/pages\/9592\/revisions"}],"predecessor-version":[{"id":9614,"href":"https:\/\/www.artisten.dk\/en\/wp-json\/wp\/v2\/pages\/9592\/revisions\/9614"}],"wp:attachment":[{"href":"https:\/\/www.artisten.dk\/en\/wp-json\/wp\/v2\/media?parent=9592"}],"curies":[{"name":"wp","href":"https:\/\/api.w.org\/{rel}","templated":true}]}}